{"id":4044,"date":"2021-08-01T18:31:29","date_gmt":"2021-08-01T16:31:29","guid":{"rendered":"https:\/\/preview.proselectint.com\/?page_id=4044"},"modified":"2026-02-10T12:44:01","modified_gmt":"2026-02-10T11:44:01","slug":"personalbeschaffung-im-gesundheitswesen","status":"publish","type":"page","link":"https:\/\/www.proselectint.com\/de_de\/personalbeschaffung-im-gesundheitswesen\/","title":{"rendered":"Personalbeschaffung"},"content":{"rendered":"\t\t<div data-elementor-type=\"wp-page\" data-elementor-id=\"4044\" class=\"elementor elementor-4044\" data-elementor-post-type=\"page\">\n\t\t\t\t\t\t<section class=\"elementor-section elementor-top-section elementor-element elementor-element-0c3ac5d elementor-section-stretched elementor-section-full_width elementor-section-height-default elementor-section-height-default exad-glass-effect-no exad-sticky-section-no\" data-id=\"0c3ac5d\" data-element_type=\"section\" data-e-type=\"section\" data-settings=\"{&quot;stretch_section&quot;:&quot;section-stretched&quot;}\">\n\t\t\t\t\t\t<div class=\"elementor-container elementor-column-gap-default\">\n\t\t\t\t\t<div class=\"elementor-column elementor-col-100 elementor-top-column elementor-element elementor-element-dd33171 exad-glass-effect-no exad-sticky-section-no\" data-id=\"dd33171\" data-element_type=\"column\" data-e-type=\"column\">\n\t\t\t<div class=\"elementor-widget-wrap elementor-element-populated\">\n\t\t\t\t\t\t<section class=\"elementor-section elementor-inner-section elementor-element elementor-element-7a37fd5 elementor-section-boxed elementor-section-height-default elementor-section-height-default exad-glass-effect-no exad-sticky-section-no\" data-id=\"7a37fd5\" data-element_type=\"section\" data-e-type=\"section\">\n\t\t\t\t\t\t<div class=\"elementor-container elementor-column-gap-default\">\n\t\t\t\t\t<div class=\"elementor-column elementor-col-100 elementor-inner-column elementor-element elementor-element-e59aa08 exad-glass-effect-no exad-sticky-section-no\" data-id=\"e59aa08\" data-element_type=\"column\" data-e-type=\"column\">\n\t\t\t<div class=\"elementor-widget-wrap elementor-element-populated\">\n\t\t\t\t\t\t<div class=\"elementor-element elementor-element-23d2177 exad-sticky-section-no exad-glass-effect-no elementor-widget elementor-widget-heading\" data-id=\"23d2177\" data-element_type=\"widget\" data-e-type=\"widget\" data-widget_type=\"heading.default\">\n\t\t\t\t<div class=\"elementor-widget-container\">\n\t\t\t\t\t<h1 class=\"elementor-heading-title elementor-size-default\">Personalbeschaffung im Gesundheitswesen<\/h1>\t\t\t\t<\/div>\n\t\t\t\t<\/div>\n\t\t\t\t<div class=\"elementor-element elementor-element-f27e138 exad-sticky-section-no exad-glass-effect-no elementor-widget elementor-widget-heading\" data-id=\"f27e138\" data-element_type=\"widget\" data-e-type=\"widget\" data-widget_type=\"heading.default\">\n\t\t\t\t<div class=\"elementor-widget-container\">\n\t\t\t\t\t<h2 class=\"elementor-heading-title elementor-size-default\">Medizinische Fachkr\u00e4fte gezielt vermitteln<\/h2>\t\t\t\t<\/div>\n\t\t\t\t<\/div>\n\t\t\t\t\t<\/div>\n\t\t<\/div>\n\t\t\t\t\t<\/div>\n\t\t<\/section>\n\t\t\t\t<section class=\"elementor-section elementor-inner-section elementor-element elementor-element-a35e1fe elementor-section-boxed elementor-section-height-default elementor-section-height-default exad-glass-effect-no exad-sticky-section-no\" data-id=\"a35e1fe\" data-element_type=\"section\" data-e-type=\"section\">\n\t\t\t\t\t\t<div class=\"elementor-container elementor-column-gap-default\">\n\t\t\t\t\t<div class=\"elementor-column elementor-col-50 elementor-inner-column elementor-element elementor-element-30ebe71 exad-glass-effect-no exad-sticky-section-no\" data-id=\"30ebe71\" data-element_type=\"column\" data-e-type=\"column\">\n\t\t\t<div class=\"elementor-widget-wrap elementor-element-populated\">\n\t\t\t\t\t\t<div class=\"elementor-element elementor-element-77ddafc exad-sticky-section-no exad-glass-effect-no elementor-widget elementor-widget-image\" data-id=\"77ddafc\" data-element_type=\"widget\" data-e-type=\"widget\" data-widget_type=\"image.default\">\n\t\t\t\t<div class=\"elementor-widget-container\">\n\t\t\t\t\t\t\t\t\t\t\t\t\t\t\t<img fetchpriority=\"high\" decoding=\"async\" width=\"795\" height=\"795\" src=\"https:\/\/www.proselectint.com\/wp-content\/uploads\/2025\/07\/Personalbeschaffung.webp\" class=\"attachment-1536x1536 size-1536x1536 wp-image-7160\" alt=\"\" srcset=\"https:\/\/www.proselectint.com\/wp-content\/uploads\/2025\/07\/Personalbeschaffung.webp 795w, https:\/\/www.proselectint.com\/wp-content\/uploads\/2025\/07\/Personalbeschaffung-300x300.webp 300w, https:\/\/www.proselectint.com\/wp-content\/uploads\/2025\/07\/Personalbeschaffung-150x150.webp 150w, https:\/\/www.proselectint.com\/wp-content\/uploads\/2025\/07\/Personalbeschaffung-768x768.webp 768w, https:\/\/www.proselectint.com\/wp-content\/uploads\/2025\/07\/Personalbeschaffung-12x12.webp 12w\" sizes=\"(max-width: 795px) 100vw, 795px\" \/>\t\t\t\t\t\t\t\t\t\t\t\t\t\t\t<\/div>\n\t\t\t\t<\/div>\n\t\t\t\t\t<\/div>\n\t\t<\/div>\n\t\t\t\t<div class=\"elementor-column elementor-col-50 elementor-inner-column elementor-element elementor-element-905251f exad-glass-effect-no exad-sticky-section-no\" data-id=\"905251f\" data-element_type=\"column\" data-e-type=\"column\">\n\t\t\t<div class=\"elementor-widget-wrap\">\n\t\t\t\t\t\t\t<\/div>\n\t\t<\/div>\n\t\t\t\t\t<\/div>\n\t\t<\/section>\n\t\t\t\t<section class=\"elementor-section elementor-inner-section elementor-element elementor-element-3f76bbe elementor-section-boxed elementor-section-height-default elementor-section-height-default exad-glass-effect-no exad-sticky-section-no\" data-id=\"3f76bbe\" data-element_type=\"section\" data-e-type=\"section\">\n\t\t\t\t\t\t<div class=\"elementor-container elementor-column-gap-default\">\n\t\t\t\t\t<div class=\"elementor-column elementor-col-50 elementor-inner-column elementor-element elementor-element-3db8a37 exad-glass-effect-no exad-sticky-section-no\" data-id=\"3db8a37\" data-element_type=\"column\" data-e-type=\"column\">\n\t\t\t<div class=\"elementor-widget-wrap elementor-element-populated\">\n\t\t\t\t\t\t<div class=\"elementor-element elementor-element-3e385a7 exad-sticky-section-no exad-glass-effect-no elementor-widget elementor-widget-text-editor\" data-id=\"3e385a7\" data-element_type=\"widget\" data-e-type=\"widget\" data-widget_type=\"text-editor.default\">\n\t\t\t\t<div class=\"elementor-widget-container\">\n\t\t\t\t\t\t\t\t\t<p>PRO SELECT unterst\u00fctzt Kliniken, Pflegeeinrichtungen und Fachpraxen bei der passgenauen Personalbeschaffung. Gemeinsam mit unseren Kunden ermitteln wir den Bedarf an medizinischen Fachkr\u00e4ften \u00fcber den gew\u00fcnschten Zeitraum und besetzen vakante Positionen zuverl\u00e4ssig.<\/p><p>Unsere international erfahrenen Personalberater:innen halten Kontakt zu Fachkr\u00e4ften mit abgeschlossener medizinischer Ausbildung in L\u00e4ndern mit gut entwickelten Gesundheitssystemen. Die Kandidat:innen werden sowohl im Heimatland als auch in Deutschland umfassend von PRO SELECT betreut \u2013 vor Aufnahme der T\u00e4tigkeit in Deutschland etwa 6 Monate im Heimatland und mindestens weitere 6 Monate nach Beginn ihrer Arbeit in Deutschland.<\/p><p>W\u00e4hrend des gesamten Prozesses \u00fcbernehmen wir die Administration f\u00fcr die medizinischen Fachkr\u00e4fte im Rahmen der <strong>beruflichen Anerkennung, Arbeitserlaubnis und Aufenthaltsgenehmigung<\/strong>. Gleichzeitig stehen wir in engem Austausch mit unseren Auftraggebern und unterst\u00fctzen die langfristige Integration der Fachkr\u00e4fte.<\/p><p>PRO SELECT legt besonderen Wert auf <strong>interkulturelle Kommunikation<\/strong>: Wir haben spezielle Seminare entwickelt, um das Verst\u00e4ndnis zwischen internationalen Fachkr\u00e4ften und Teams im Klinikbereich zu st\u00e4rken.<\/p><p>Unser Service endet nicht mit der Vermittlung: <strong>Onboarding, Integrationsunterst\u00fctzung und Betreuung<\/strong> sorgen f\u00fcr nachhaltigen Erfolg \u2013 sowohl f\u00fcr die neuen Mitarbeitenden als auch f\u00fcr die Einrichtungen.<\/p>\t\t\t\t\t\t\t\t<\/div>\n\t\t\t\t<\/div>\n\t\t\t\t\t<\/div>\n\t\t<\/div>\n\t\t\t\t<div class=\"elementor-column elementor-col-50 elementor-inner-column elementor-element elementor-element-1836e83 exad-glass-effect-no exad-sticky-section-no\" data-id=\"1836e83\" data-element_type=\"column\" data-e-type=\"column\">\n\t\t\t<div class=\"elementor-widget-wrap\">\n\t\t\t\t\t\t\t<\/div>\n\t\t<\/div>\n\t\t\t\t\t<\/div>\n\t\t<\/section>\n\t\t\t\t<section class=\"elementor-section elementor-inner-section elementor-element elementor-element-7e037aa elementor-section-boxed elementor-section-height-default elementor-section-height-default exad-glass-effect-no exad-sticky-section-no\" data-id=\"7e037aa\" data-element_type=\"section\" data-e-type=\"section\">\n\t\t\t\t\t\t<div class=\"elementor-container elementor-column-gap-default\">\n\t\t\t\t\t<div class=\"elementor-column elementor-col-50 elementor-inner-column elementor-element elementor-element-421d1cf exad-glass-effect-no exad-sticky-section-no\" data-id=\"421d1cf\" data-element_type=\"column\" data-e-type=\"column\">\n\t\t\t<div class=\"elementor-widget-wrap elementor-element-populated\">\n\t\t\t\t\t\t<div class=\"elementor-element elementor-element-dfae29c exad-sticky-section-no exad-glass-effect-no elementor-widget elementor-widget-text-editor\" data-id=\"dfae29c\" data-element_type=\"widget\" data-e-type=\"widget\" data-widget_type=\"text-editor.default\">\n\t\t\t\t<div class=\"elementor-widget-container\">\n\t\t\t\t\t\t\t\t\t<p>\u201eDurch meine langj\u00e4hrige Erfahrung im Personalmanagement ist f\u00fcr mich \u201cHuman Resources\u201d nicht nur ein Begriff, sondern eine Einstellung. Die Personalbindung durch Betreuung und Unterst\u00fctzung dient sowohl dem neuen Arbeitnehmer als auch dem Arbeitgeber und f\u00fchrt zu motivierten Mitarbeitern und langj\u00e4hriger Betriebszugeh\u00f6rigkeit. Unsere Kunden werden durch das \u201cOutsourcen\u201d der Personalbeschaffung und Personalbetreuung durch PRO SELECT entlastet.\u201c<\/p><p><strong style=\"font-size: 16px;\">\u2013 Sabine Faller, Gr\u00fcnderin und Gesch\u00e4ftsf\u00fchrerin<\/strong><\/p>\t\t\t\t\t\t\t\t<\/div>\n\t\t\t\t<\/div>\n\t\t\t\t\t<\/div>\n\t\t<\/div>\n\t\t\t\t<div class=\"elementor-column elementor-col-50 elementor-inner-column elementor-element elementor-element-e26794f exad-glass-effect-no exad-sticky-section-no\" data-id=\"e26794f\" data-element_type=\"column\" data-e-type=\"column\">\n\t\t\t<div class=\"elementor-widget-wrap\">\n\t\t\t\t\t\t\t<\/div>\n\t\t<\/div>\n\t\t\t\t\t<\/div>\n\t\t<\/section>\n\t\t\t\t\t<\/div>\n\t\t<\/div>\n\t\t\t\t\t<\/div>\n\t\t<\/section>\n\t\t\t\t<\/div>\n\t\t","protected":false},"excerpt":{"rendered":"<p>Personalbeschaffung im Gesundheitswesen Medizinische Fachkr\u00e4fte gezielt vermitteln PRO SELECT unterst\u00fctzt Kliniken, Pflegeeinrichtungen und Fachpraxen bei der passgenauen Personalbeschaffung. Gemeinsam mit unseren Kunden ermitteln wir den Bedarf an medizinischen Fachkr\u00e4ften \u00fcber den gew\u00fcnschten Zeitraum und besetzen vakante Positionen zuverl\u00e4ssig. Unsere international erfahrenen Personalberater:innen halten Kontakt zu Fachkr\u00e4ften mit abgeschlossener medizinischer Ausbildung in L\u00e4ndern mit gut entwickelten [&hellip;]<\/p>\n","protected":false},"author":3,"featured_media":0,"parent":0,"menu_order":0,"comment_status":"closed","ping_status":"closed","template":"elementor_theme","meta":{"content-type":"","site-sidebar-layout":"no-sidebar","site-content-layout":"page-builder","ast-site-content-layout":"full-width-container","site-content-style":"unboxed","site-sidebar-style":"unboxed","ast-global-header-display":"","ast-banner-title-visibility":"","ast-main-header-display":"","ast-hfb-above-header-display":"","ast-hfb-below-header-display":"","ast-hfb-mobile-header-display":"","site-post-title":"disabled","ast-breadcrumbs-content":"","ast-featured-img":"disabled","footer-sml-layout":"","ast-disable-related-posts":"","theme-transparent-header-meta":"default","adv-header-id-meta":"","stick-header-meta":"","header-above-stick-meta":"","header-main-stick-meta":"","header-below-stick-meta":"","astra-migrate-meta-layouts":"set","ast-page-background-enabled":"default","ast-page-background-meta":{"desktop":{"background-color":"var(--ast-global-color-4)","background-image":"","background-repeat":"repeat","background-position":"center center","background-size":"auto","background-attachment":"scroll","background-type":"","background-media":"","overlay-type":"","overlay-color":"","overlay-opacity":"","overlay-gradient":""},"tablet":{"background-color":"","background-image":"","background-repeat":"repeat","background-position":"center center","background-size":"auto","background-attachment":"scroll","background-type":"","background-media":"","overlay-type":"","overlay-color":"","overlay-opacity":"","overlay-gradient":""},"mobile":{"background-color":"","background-image":"","background-repeat":"repeat","background-position":"center center","background-size":"auto","background-attachment":"scroll","background-type":"","background-media":"","overlay-type":"","overlay-color":"","overlay-opacity":"","overlay-gradient":""}},"ast-content-background-meta":{"desktop":{"background-color":"var(--ast-global-color-5)","background-image":"","background-repeat":"repeat","background-position":"center center","background-size":"auto","background-attachment":"scroll","background-type":"","background-media":"","overlay-type":"","overlay-color":"","overlay-opacity":"","overlay-gradient":""},"tablet":{"background-color":"var(--ast-global-color-5)","background-image":"","background-repeat":"repeat","background-position":"center center","background-size":"auto","background-attachment":"scroll","background-type":"","background-media":"","overlay-type":"","overlay-color":"","overlay-opacity":"","overlay-gradient":""},"mobile":{"background-color":"var(--ast-global-color-5)","background-image":"","background-repeat":"repeat","background-position":"center center","background-size":"auto","background-attachment":"scroll","background-type":"","background-media":"","overlay-type":"","overlay-color":"","overlay-opacity":"","overlay-gradient":""}},"footnotes":""},"class_list":["post-4044","page","type-page","status-publish","hentry"],"yoast_head":"<!-- This site is optimized with the Yoast SEO plugin v27.4 - https:\/\/yoast.com\/product\/yoast-seo-wordpress\/ -->\n<title>Personalbeschaffung - Pro Select<\/title>\n<meta name=\"robots\" content=\"index, follow, max-snippet:-1, max-image-preview:large, max-video-preview:-1\" \/>\n<link rel=\"canonical\" href=\"https:\/\/www.proselectint.com\/de_de\/personalbeschaffung-im-gesundheitswesen\/\" \/>\n<meta property=\"og:locale\" content=\"de_DE\" \/>\n<meta property=\"og:type\" content=\"article\" \/>\n<meta property=\"og:title\" content=\"Personalbeschaffung - Pro Select\" \/>\n<meta property=\"og:description\" content=\"Personalbeschaffung im Gesundheitswesen Medizinische Fachkr\u00e4fte gezielt vermitteln PRO SELECT unterst\u00fctzt Kliniken, Pflegeeinrichtungen und Fachpraxen bei der passgenauen Personalbeschaffung. Gemeinsam mit unseren Kunden ermitteln wir den Bedarf an medizinischen Fachkr\u00e4ften \u00fcber den gew\u00fcnschten Zeitraum und besetzen vakante Positionen zuverl\u00e4ssig. Unsere international erfahrenen Personalberater:innen halten Kontakt zu Fachkr\u00e4ften mit abgeschlossener medizinischer Ausbildung in L\u00e4ndern mit gut entwickelten [&hellip;]\" \/>\n<meta property=\"og:url\" content=\"https:\/\/www.proselectint.com\/de_de\/personalbeschaffung-im-gesundheitswesen\/\" \/>\n<meta property=\"og:site_name\" content=\"Pro Select\" \/>\n<meta property=\"article:publisher\" content=\"https:\/\/www.facebook.com\/proselectint\/\" \/>\n<meta property=\"article:modified_time\" content=\"2026-02-10T11:44:01+00:00\" \/>\n<meta property=\"og:image\" content=\"https:\/\/www.proselectint.com\/wp-content\/uploads\/2025\/07\/Personalbeschaffung.webp\" \/>\n<meta name=\"twitter:card\" content=\"summary_large_image\" \/>\n<meta name=\"twitter:label1\" content=\"Gesch\u00e4tzte Lesezeit\" \/>\n\t<meta name=\"twitter:data1\" content=\"2\u00a0Minuten\" \/>\n<script type=\"application\/ld+json\" class=\"yoast-schema-graph\">{\"@context\":\"https:\\\/\\\/schema.org\",\"@graph\":[{\"@type\":\"WebPage\",\"@id\":\"https:\\\/\\\/www.proselectint.com\\\/personalbeschaffung-im-gesundheitswesen\\\/\",\"url\":\"https:\\\/\\\/www.proselectint.com\\\/personalbeschaffung-im-gesundheitswesen\\\/\",\"name\":\"Personalbeschaffung - Pro Select\",\"isPartOf\":{\"@id\":\"https:\\\/\\\/www.proselectint.com\\\/de_de\\\/#website\"},\"primaryImageOfPage\":{\"@id\":\"https:\\\/\\\/www.proselectint.com\\\/personalbeschaffung-im-gesundheitswesen\\\/#primaryimage\"},\"image\":{\"@id\":\"https:\\\/\\\/www.proselectint.com\\\/personalbeschaffung-im-gesundheitswesen\\\/#primaryimage\"},\"thumbnailUrl\":\"https:\\\/\\\/www.proselectint.com\\\/wp-content\\\/uploads\\\/2025\\\/07\\\/Personalbeschaffung.webp\",\"datePublished\":\"2021-08-01T16:31:29+00:00\",\"dateModified\":\"2026-02-10T11:44:01+00:00\",\"breadcrumb\":{\"@id\":\"https:\\\/\\\/www.proselectint.com\\\/personalbeschaffung-im-gesundheitswesen\\\/#breadcrumb\"},\"inLanguage\":\"de\",\"potentialAction\":[{\"@type\":\"ReadAction\",\"target\":[\"https:\\\/\\\/www.proselectint.com\\\/personalbeschaffung-im-gesundheitswesen\\\/\"]}]},{\"@type\":\"ImageObject\",\"inLanguage\":\"de\",\"@id\":\"https:\\\/\\\/www.proselectint.com\\\/personalbeschaffung-im-gesundheitswesen\\\/#primaryimage\",\"url\":\"https:\\\/\\\/www.proselectint.com\\\/wp-content\\\/uploads\\\/2025\\\/07\\\/Personalbeschaffung.webp\",\"contentUrl\":\"https:\\\/\\\/www.proselectint.com\\\/wp-content\\\/uploads\\\/2025\\\/07\\\/Personalbeschaffung.webp\"},{\"@type\":\"BreadcrumbList\",\"@id\":\"https:\\\/\\\/www.proselectint.com\\\/personalbeschaffung-im-gesundheitswesen\\\/#breadcrumb\",\"itemListElement\":[{\"@type\":\"ListItem\",\"position\":1,\"name\":\"Startseite\",\"item\":\"https:\\\/\\\/www.proselectint.com\\\/\"},{\"@type\":\"ListItem\",\"position\":2,\"name\":\"Personalbeschaffung\"}]},{\"@type\":\"WebSite\",\"@id\":\"https:\\\/\\\/www.proselectint.com\\\/de_de\\\/#website\",\"url\":\"https:\\\/\\\/www.proselectint.com\\\/de_de\\\/\",\"name\":\"Pro Select\",\"description\":\"Internationale Personal- und Unternehmensberatung\",\"publisher\":{\"@id\":\"https:\\\/\\\/www.proselectint.com\\\/de_de\\\/#organization\"},\"potentialAction\":[{\"@type\":\"SearchAction\",\"target\":{\"@type\":\"EntryPoint\",\"urlTemplate\":\"https:\\\/\\\/www.proselectint.com\\\/de_de\\\/?s={search_term_string}\"},\"query-input\":{\"@type\":\"PropertyValueSpecification\",\"valueRequired\":true,\"valueName\":\"search_term_string\"}}],\"inLanguage\":\"de\"},{\"@type\":\"Organization\",\"@id\":\"https:\\\/\\\/www.proselectint.com\\\/de_de\\\/#organization\",\"name\":\"Pro Select\",\"url\":\"https:\\\/\\\/www.proselectint.com\\\/de_de\\\/\",\"logo\":{\"@type\":\"ImageObject\",\"inLanguage\":\"de\",\"@id\":\"https:\\\/\\\/www.proselectint.com\\\/de_de\\\/#\\\/schema\\\/logo\\\/image\\\/\",\"url\":\"https:\\\/\\\/www.proselectint.com\\\/wp-content\\\/uploads\\\/2021\\\/07\\\/logo-pro-select.svg\",\"contentUrl\":\"https:\\\/\\\/www.proselectint.com\\\/wp-content\\\/uploads\\\/2021\\\/07\\\/logo-pro-select.svg\",\"width\":183,\"height\":84,\"caption\":\"Pro Select\"},\"image\":{\"@id\":\"https:\\\/\\\/www.proselectint.com\\\/de_de\\\/#\\\/schema\\\/logo\\\/image\\\/\"},\"sameAs\":[\"https:\\\/\\\/www.facebook.com\\\/proselectint\\\/\",\"https:\\\/\\\/www.instagram.com\\\/proselectinternational\\\/\"]}]}<\/script>\n<!-- \/ Yoast SEO plugin. -->","yoast_head_json":{"title":"Personalbeschaffung - Pro Select","robots":{"index":"index","follow":"follow","max-snippet":"max-snippet:-1","max-image-preview":"max-image-preview:large","max-video-preview":"max-video-preview:-1"},"canonical":"https:\/\/www.proselectint.com\/de_de\/personalbeschaffung-im-gesundheitswesen\/","og_locale":"de_DE","og_type":"article","og_title":"Personalbeschaffung - Pro Select","og_description":"Personalbeschaffung im Gesundheitswesen Medizinische Fachkr\u00e4fte gezielt vermitteln PRO SELECT unterst\u00fctzt Kliniken, Pflegeeinrichtungen und Fachpraxen bei der passgenauen Personalbeschaffung. Gemeinsam mit unseren Kunden ermitteln wir den Bedarf an medizinischen Fachkr\u00e4ften \u00fcber den gew\u00fcnschten Zeitraum und besetzen vakante Positionen zuverl\u00e4ssig. Unsere international erfahrenen Personalberater:innen halten Kontakt zu Fachkr\u00e4ften mit abgeschlossener medizinischer Ausbildung in L\u00e4ndern mit gut entwickelten [&hellip;]","og_url":"https:\/\/www.proselectint.com\/de_de\/personalbeschaffung-im-gesundheitswesen\/","og_site_name":"Pro Select","article_publisher":"https:\/\/www.facebook.com\/proselectint\/","article_modified_time":"2026-02-10T11:44:01+00:00","og_image":[{"url":"https:\/\/www.proselectint.com\/wp-content\/uploads\/2025\/07\/Personalbeschaffung.webp","type":"","width":"","height":""}],"twitter_card":"summary_large_image","twitter_misc":{"Gesch\u00e4tzte Lesezeit":"2\u00a0Minuten"},"schema":{"@context":"https:\/\/schema.org","@graph":[{"@type":"WebPage","@id":"https:\/\/www.proselectint.com\/personalbeschaffung-im-gesundheitswesen\/","url":"https:\/\/www.proselectint.com\/personalbeschaffung-im-gesundheitswesen\/","name":"Personalbeschaffung - Pro Select","isPartOf":{"@id":"https:\/\/www.proselectint.com\/de_de\/#website"},"primaryImageOfPage":{"@id":"https:\/\/www.proselectint.com\/personalbeschaffung-im-gesundheitswesen\/#primaryimage"},"image":{"@id":"https:\/\/www.proselectint.com\/personalbeschaffung-im-gesundheitswesen\/#primaryimage"},"thumbnailUrl":"https:\/\/www.proselectint.com\/wp-content\/uploads\/2025\/07\/Personalbeschaffung.webp","datePublished":"2021-08-01T16:31:29+00:00","dateModified":"2026-02-10T11:44:01+00:00","breadcrumb":{"@id":"https:\/\/www.proselectint.com\/personalbeschaffung-im-gesundheitswesen\/#breadcrumb"},"inLanguage":"de","potentialAction":[{"@type":"ReadAction","target":["https:\/\/www.proselectint.com\/personalbeschaffung-im-gesundheitswesen\/"]}]},{"@type":"ImageObject","inLanguage":"de","@id":"https:\/\/www.proselectint.com\/personalbeschaffung-im-gesundheitswesen\/#primaryimage","url":"https:\/\/www.proselectint.com\/wp-content\/uploads\/2025\/07\/Personalbeschaffung.webp","contentUrl":"https:\/\/www.proselectint.com\/wp-content\/uploads\/2025\/07\/Personalbeschaffung.webp"},{"@type":"BreadcrumbList","@id":"https:\/\/www.proselectint.com\/personalbeschaffung-im-gesundheitswesen\/#breadcrumb","itemListElement":[{"@type":"ListItem","position":1,"name":"Startseite","item":"https:\/\/www.proselectint.com\/"},{"@type":"ListItem","position":2,"name":"Personalbeschaffung"}]},{"@type":"WebSite","@id":"https:\/\/www.proselectint.com\/de_de\/#website","url":"https:\/\/www.proselectint.com\/de_de\/","name":"Pro Select","description":"Internationale Personal- und Unternehmensberatung","publisher":{"@id":"https:\/\/www.proselectint.com\/de_de\/#organization"},"potentialAction":[{"@type":"SearchAction","target":{"@type":"EntryPoint","urlTemplate":"https:\/\/www.proselectint.com\/de_de\/?s={search_term_string}"},"query-input":{"@type":"PropertyValueSpecification","valueRequired":true,"valueName":"search_term_string"}}],"inLanguage":"de"},{"@type":"Organization","@id":"https:\/\/www.proselectint.com\/de_de\/#organization","name":"Pro Select","url":"https:\/\/www.proselectint.com\/de_de\/","logo":{"@type":"ImageObject","inLanguage":"de","@id":"https:\/\/www.proselectint.com\/de_de\/#\/schema\/logo\/image\/","url":"https:\/\/www.proselectint.com\/wp-content\/uploads\/2021\/07\/logo-pro-select.svg","contentUrl":"https:\/\/www.proselectint.com\/wp-content\/uploads\/2021\/07\/logo-pro-select.svg","width":183,"height":84,"caption":"Pro Select"},"image":{"@id":"https:\/\/www.proselectint.com\/de_de\/#\/schema\/logo\/image\/"},"sameAs":["https:\/\/www.facebook.com\/proselectint\/","https:\/\/www.instagram.com\/proselectinternational\/"]}]}},"_links":{"self":[{"href":"https:\/\/www.proselectint.com\/de_de\/wp-json\/wp\/v2\/pages\/4044","targetHints":{"allow":["GET"]}}],"collection":[{"href":"https:\/\/www.proselectint.com\/de_de\/wp-json\/wp\/v2\/pages"}],"about":[{"href":"https:\/\/www.proselectint.com\/de_de\/wp-json\/wp\/v2\/types\/page"}],"author":[{"embeddable":true,"href":"https:\/\/www.proselectint.com\/de_de\/wp-json\/wp\/v2\/users\/3"}],"replies":[{"embeddable":true,"href":"https:\/\/www.proselectint.com\/de_de\/wp-json\/wp\/v2\/comments?post=4044"}],"version-history":[{"count":60,"href":"https:\/\/www.proselectint.com\/de_de\/wp-json\/wp\/v2\/pages\/4044\/revisions"}],"predecessor-version":[{"id":7507,"href":"https:\/\/www.proselectint.com\/de_de\/wp-json\/wp\/v2\/pages\/4044\/revisions\/7507"}],"wp:attachment":[{"href":"https:\/\/www.proselectint.com\/de_de\/wp-json\/wp\/v2\/media?parent=4044"}],"curies":[{"name":"wp","href":"https:\/\/api.w.org\/{rel}","templated":true}]}}