{"id":4322,"date":"2021-08-02T12:23:07","date_gmt":"2021-08-02T10:23:07","guid":{"rendered":"https:\/\/preview.proselectint.com\/?page_id=4322"},"modified":"2025-12-23T16:13:05","modified_gmt":"2025-12-23T15:13:05","slug":"wer-ist-pro-select","status":"publish","type":"page","link":"https:\/\/www.proselectint.com\/de_de\/wer-ist-pro-select\/","title":{"rendered":"Wer ist Pro Select?"},"content":{"rendered":"\t\t<div data-elementor-type=\"wp-page\" data-elementor-id=\"4322\" class=\"elementor elementor-4322\" data-elementor-post-type=\"page\">\n\t\t\t\t\t\t<section class=\"elementor-section elementor-top-section elementor-element elementor-element-0c3ac5d elementor-section-stretched elementor-section-full_width elementor-section-height-default elementor-section-height-default exad-glass-effect-no exad-sticky-section-no\" data-id=\"0c3ac5d\" data-element_type=\"section\" data-e-type=\"section\" data-settings=\"{&quot;stretch_section&quot;:&quot;section-stretched&quot;}\">\n\t\t\t\t\t\t<div class=\"elementor-container elementor-column-gap-default\">\n\t\t\t\t\t<div class=\"elementor-column elementor-col-100 elementor-top-column elementor-element elementor-element-dd33171 exad-glass-effect-no exad-sticky-section-no\" data-id=\"dd33171\" data-element_type=\"column\" data-e-type=\"column\">\n\t\t\t<div class=\"elementor-widget-wrap elementor-element-populated\">\n\t\t\t\t\t\t<section class=\"elementor-section elementor-inner-section elementor-element elementor-element-7a37fd5 elementor-section-boxed elementor-section-height-default elementor-section-height-default exad-glass-effect-no exad-sticky-section-no\" data-id=\"7a37fd5\" data-element_type=\"section\" data-e-type=\"section\">\n\t\t\t\t\t\t<div class=\"elementor-container elementor-column-gap-default\">\n\t\t\t\t\t<div class=\"elementor-column elementor-col-100 elementor-inner-column elementor-element elementor-element-e59aa08 exad-glass-effect-no exad-sticky-section-no\" data-id=\"e59aa08\" data-element_type=\"column\" data-e-type=\"column\">\n\t\t\t<div class=\"elementor-widget-wrap elementor-element-populated\">\n\t\t\t\t\t\t<div class=\"elementor-element elementor-element-23d2177 exad-sticky-section-no exad-glass-effect-no elementor-widget elementor-widget-heading\" data-id=\"23d2177\" data-element_type=\"widget\" data-e-type=\"widget\" data-widget_type=\"heading.default\">\n\t\t\t\t<div class=\"elementor-widget-container\">\n\t\t\t\t\t<h1 class=\"elementor-heading-title elementor-size-default\">Wer ist PRO SELECT?<\/h1>\t\t\t\t<\/div>\n\t\t\t\t<\/div>\n\t\t\t\t\t<\/div>\n\t\t<\/div>\n\t\t\t\t\t<\/div>\n\t\t<\/section>\n\t\t\t\t<section class=\"elementor-section elementor-inner-section elementor-element elementor-element-a35e1fe elementor-section-boxed elementor-section-height-default elementor-section-height-default exad-glass-effect-no exad-sticky-section-no\" data-id=\"a35e1fe\" data-element_type=\"section\" data-e-type=\"section\">\n\t\t\t\t\t\t<div class=\"elementor-container elementor-column-gap-default\">\n\t\t\t\t\t<div class=\"elementor-column elementor-col-50 elementor-inner-column elementor-element elementor-element-30ebe71 exad-glass-effect-no exad-sticky-section-no\" data-id=\"30ebe71\" data-element_type=\"column\" data-e-type=\"column\">\n\t\t\t<div class=\"elementor-widget-wrap elementor-element-populated\">\n\t\t\t\t\t\t<div class=\"elementor-element elementor-element-77ddafc exad-sticky-section-no exad-glass-effect-no elementor-widget elementor-widget-image\" data-id=\"77ddafc\" data-element_type=\"widget\" data-e-type=\"widget\" data-widget_type=\"image.default\">\n\t\t\t\t<div class=\"elementor-widget-container\">\n\t\t\t\t\t\t\t\t\t\t\t\t\t\t\t<img fetchpriority=\"high\" decoding=\"async\" width=\"1024\" height=\"683\" src=\"https:\/\/www.proselectint.com\/wp-content\/uploads\/2025\/07\/1f8b9aac-8e31-48e3-b109-83100b407fe0-1024x683.png\" class=\"attachment-large size-large wp-image-7126\" alt=\"\" srcset=\"https:\/\/www.proselectint.com\/wp-content\/uploads\/2025\/07\/1f8b9aac-8e31-48e3-b109-83100b407fe0-1024x683.png 1024w, https:\/\/www.proselectint.com\/wp-content\/uploads\/2025\/07\/1f8b9aac-8e31-48e3-b109-83100b407fe0-300x200.png 300w, https:\/\/www.proselectint.com\/wp-content\/uploads\/2025\/07\/1f8b9aac-8e31-48e3-b109-83100b407fe0-768x512.png 768w, https:\/\/www.proselectint.com\/wp-content\/uploads\/2025\/07\/1f8b9aac-8e31-48e3-b109-83100b407fe0-18x12.png 18w, https:\/\/www.proselectint.com\/wp-content\/uploads\/2025\/07\/1f8b9aac-8e31-48e3-b109-83100b407fe0.png 1248w\" sizes=\"(max-width: 1024px) 100vw, 1024px\" \/>\t\t\t\t\t\t\t\t\t\t\t\t\t\t\t<\/div>\n\t\t\t\t<\/div>\n\t\t\t\t\t<\/div>\n\t\t<\/div>\n\t\t\t\t<div class=\"elementor-column elementor-col-50 elementor-inner-column elementor-element elementor-element-905251f exad-glass-effect-no exad-sticky-section-no\" data-id=\"905251f\" data-element_type=\"column\" data-e-type=\"column\">\n\t\t\t<div class=\"elementor-widget-wrap\">\n\t\t\t\t\t\t\t<\/div>\n\t\t<\/div>\n\t\t\t\t\t<\/div>\n\t\t<\/section>\n\t\t\t\t<section class=\"elementor-section elementor-inner-section elementor-element elementor-element-3f76bbe elementor-section-boxed elementor-section-height-default elementor-section-height-default exad-glass-effect-no exad-sticky-section-no\" data-id=\"3f76bbe\" data-element_type=\"section\" data-e-type=\"section\">\n\t\t\t\t\t\t<div class=\"elementor-container elementor-column-gap-default\">\n\t\t\t\t\t<div class=\"elementor-column elementor-col-50 elementor-inner-column elementor-element elementor-element-3db8a37 exad-glass-effect-no exad-sticky-section-no\" data-id=\"3db8a37\" data-element_type=\"column\" data-e-type=\"column\">\n\t\t\t<div class=\"elementor-widget-wrap elementor-element-populated\">\n\t\t\t\t\t\t<div class=\"elementor-element elementor-element-3e385a7 exad-sticky-section-no exad-glass-effect-no elementor-widget elementor-widget-text-editor\" data-id=\"3e385a7\" data-element_type=\"widget\" data-e-type=\"widget\" data-widget_type=\"text-editor.default\">\n\t\t\t\t<div class=\"elementor-widget-container\">\n\t\t\t\t\t\t\t\t\t<p><strong>PRO SELECT<\/strong> ist ein f\u00fchrendes, international aufgestelltes Expertenteam f\u00fcr Personalvermittlung und Personalentwicklung. Wir unterst\u00fctzen Unternehmen aus Industrie, Handel und Dienstleistungen bei der passgenauen Besetzung vakanter Stellen und bei der Weiterentwicklung ihrer Mitarbeitenden.<\/p><p>F\u00fcr Bewerber:innen, die im <strong>Gesundheitswesen, in der Industrie oder im Handel<\/strong> ihre Karriere in Deutschland fortsetzen m\u00f6chten, stehen unsere Leistungen f\u00fcr eine Arbeitsvermittlung kostenlos zur Verf\u00fcgung.<\/p><p>Mit mehr als 20 Jahren Erfahrung im Bereich Personalmanagement und -entwicklung haben wir mehr als 10.000 Seminarteilnehmer\/innen geschult und weiterentwickelt (mit Seminar-Zertifikaten und Seminar-Urkunden) sowie mehr als 10.000 Bewerbungen bearbeitet und eine Vielzahl von Bewerber:innen in eine neue Karriere gef\u00fchrt.<\/p><p>Diese Leistungen haben wir f\u00fcr \u00fcber tausend Unternehmen in den folgenden Bereichen nachhaltig erbracht:<\/p>\t\t\t\t\t\t\t\t<\/div>\n\t\t\t\t<\/div>\n\t\t\t\t<div class=\"elementor-element elementor-element-fbc8106 exad-sticky-section-no exad-glass-effect-no elementor-widget elementor-widget-text-editor\" data-id=\"fbc8106\" data-element_type=\"widget\" data-e-type=\"widget\" data-widget_type=\"text-editor.default\">\n\t\t\t\t<div class=\"elementor-widget-container\">\n\t\t\t\t\t\t\t\t\t<ul><li><strong>Gesundheitswesen<\/strong><\/li><li><strong>Industrie<\/strong><\/li><li><strong>Handel<\/strong><\/li><li><strong>Dienstleistungen<\/strong><\/li><li style=\"list-style-type: none;\">\u00a0<\/li><\/ul>\t\t\t\t\t\t\t\t<\/div>\n\t\t\t\t<\/div>\n\t\t\t\t<div class=\"elementor-element elementor-element-a97287e exad-sticky-section-no exad-glass-effect-no elementor-widget elementor-widget-text-editor\" data-id=\"a97287e\" data-element_type=\"widget\" data-e-type=\"widget\" data-widget_type=\"text-editor.default\">\n\t\t\t\t<div class=\"elementor-widget-container\">\n\t\t\t\t\t\t\t\t\t<p>Unsere muttersprachlichen Personalberater: innen begleiten unsere Kandidat: innen bereits in ihren Herkunftsl\u00e4ndern, damit wir in Deutschland alle Beh\u00f6rdenwege, die zur beruflichen Anerkennung f\u00fchren, managen k\u00f6nnen.<\/p>\t\t\t\t\t\t\t\t<\/div>\n\t\t\t\t<\/div>\n\t\t\t\t<div class=\"elementor-element elementor-element-2043de5 exad-sticky-section-no exad-glass-effect-no elementor-widget elementor-widget-button\" data-id=\"2043de5\" data-element_type=\"widget\" data-e-type=\"widget\" data-widget_type=\"button.default\">\n\t\t\t\t<div class=\"elementor-widget-container\">\n\t\t\t\t\t\t\t\t\t<div class=\"elementor-button-wrapper\">\n\t\t\t\t\t<a class=\"elementor-button elementor-button-link elementor-size-md\" href=\"\/leistungen\/\">\n\t\t\t\t\t\t<span class=\"elementor-button-content-wrapper\">\n\t\t\t\t\t\t\t\t\t<span class=\"elementor-button-text\">Unsere Leistungen <\/span>\n\t\t\t\t\t<\/span>\n\t\t\t\t\t<\/a>\n\t\t\t\t<\/div>\n\t\t\t\t\t\t\t\t<\/div>\n\t\t\t\t<\/div>\n\t\t\t\t<div class=\"elementor-element elementor-element-9d86da0 exad-sticky-section-no exad-glass-effect-no elementor-widget elementor-widget-text-editor\" data-id=\"9d86da0\" data-element_type=\"widget\" data-e-type=\"widget\" data-widget_type=\"text-editor.default\">\n\t\t\t\t<div class=\"elementor-widget-container\">\n\t\t\t\t\t\t\t\t\t<p>Unser interkulturelles, motiviertes PRO SELECT Team in Deutschland begleitet die Bewerber\/innen Tag und Nacht, vom ersten Schritt bis zur beruflichen Anerkennung in ihrem Fachgebiet in Deutschland.<\/p>\t\t\t\t\t\t\t\t<\/div>\n\t\t\t\t<\/div>\n\t\t\t\t<div class=\"elementor-element elementor-element-c36e702 elementor-align-left exad-sticky-section-no exad-glass-effect-no elementor-widget elementor-widget-button\" data-id=\"c36e702\" data-element_type=\"widget\" data-e-type=\"widget\" data-widget_type=\"button.default\">\n\t\t\t\t<div class=\"elementor-widget-container\">\n\t\t\t\t\t\t\t\t\t<div class=\"elementor-button-wrapper\">\n\t\t\t\t\t<a class=\"elementor-button elementor-button-link elementor-size-md\" href=\"https:\/\/www.proselectint.com\/das-team\/\" rel=\"nofollow\">\n\t\t\t\t\t\t<span class=\"elementor-button-content-wrapper\">\n\t\t\t\t\t\t\t\t\t<span class=\"elementor-button-text\">Lernen Sie unser Team kennen!<\/span>\n\t\t\t\t\t<\/span>\n\t\t\t\t\t<\/a>\n\t\t\t\t<\/div>\n\t\t\t\t\t\t\t\t<\/div>\n\t\t\t\t<\/div>\n\t\t\t\t\t<\/div>\n\t\t<\/div>\n\t\t\t\t<div class=\"elementor-column elementor-col-50 elementor-inner-column elementor-element elementor-element-1836e83 exad-glass-effect-no exad-sticky-section-no\" data-id=\"1836e83\" data-element_type=\"column\" data-e-type=\"column\">\n\t\t\t<div class=\"elementor-widget-wrap\">\n\t\t\t\t\t\t\t<\/div>\n\t\t<\/div>\n\t\t\t\t\t<\/div>\n\t\t<\/section>\n\t\t\t\t\t<\/div>\n\t\t<\/div>\n\t\t\t\t\t<\/div>\n\t\t<\/section>\n\t\t\t\t<\/div>\n\t\t","protected":false},"excerpt":{"rendered":"<p>Wer ist PRO SELECT? PRO SELECT ist ein f\u00fchrendes, international aufgestelltes Expertenteam f\u00fcr Personalvermittlung und Personalentwicklung. Wir unterst\u00fctzen Unternehmen aus Industrie, Handel und Dienstleistungen bei der passgenauen Besetzung vakanter Stellen und bei der Weiterentwicklung ihrer Mitarbeitenden. F\u00fcr Bewerber:innen, die im Gesundheitswesen, in der Industrie oder im Handel ihre Karriere in Deutschland fortsetzen m\u00f6chten, stehen unsere [&hellip;]<\/p>\n","protected":false},"author":3,"featured_media":0,"parent":0,"menu_order":0,"comment_status":"closed","ping_status":"closed","template":"elementor_theme","meta":{"content-type":"","site-sidebar-layout":"no-sidebar","site-content-layout":"page-builder","ast-site-content-layout":"default","site-content-style":"default","site-sidebar-style":"default","ast-global-header-display":"","ast-banner-title-visibility":"","ast-main-header-display":"","ast-hfb-above-header-display":"","ast-hfb-below-header-display":"","ast-hfb-mobile-header-display":"","site-post-title":"disabled","ast-breadcrumbs-content":"","ast-featured-img":"disabled","footer-sml-layout":"","ast-disable-related-posts":"","theme-transparent-header-meta":"default","adv-header-id-meta":"","stick-header-meta":"","header-above-stick-meta":"","header-main-stick-meta":"","header-below-stick-meta":"","astra-migrate-meta-layouts":"default","ast-page-background-enabled":"default","ast-page-background-meta":{"desktop":{"background-color":"var(--ast-global-color-4)","background-image":"","background-repeat":"repeat","background-position":"center center","background-size":"auto","background-attachment":"scroll","background-type":"","background-media":"","overlay-type":"","overlay-color":"","overlay-opacity":"","overlay-gradient":""},"tablet":{"background-color":"","background-image":"","background-repeat":"repeat","background-position":"center center","background-size":"auto","background-attachment":"scroll","background-type":"","background-media":"","overlay-type":"","overlay-color":"","overlay-opacity":"","overlay-gradient":""},"mobile":{"background-color":"","background-image":"","background-repeat":"repeat","background-position":"center center","background-size":"auto","background-attachment":"scroll","background-type":"","background-media":"","overlay-type":"","overlay-color":"","overlay-opacity":"","overlay-gradient":""}},"ast-content-background-meta":{"desktop":{"background-color":"var(--ast-global-color-5)","background-image":"","background-repeat":"repeat","background-position":"center center","background-size":"auto","background-attachment":"scroll","background-type":"","background-media":"","overlay-type":"","overlay-color":"","overlay-opacity":"","overlay-gradient":""},"tablet":{"background-color":"var(--ast-global-color-5)","background-image":"","background-repeat":"repeat","background-position":"center center","background-size":"auto","background-attachment":"scroll","background-type":"","background-media":"","overlay-type":"","overlay-color":"","overlay-opacity":"","overlay-gradient":""},"mobile":{"background-color":"var(--ast-global-color-5)","background-image":"","background-repeat":"repeat","background-position":"center center","background-size":"auto","background-attachment":"scroll","background-type":"","background-media":"","overlay-type":"","overlay-color":"","overlay-opacity":"","overlay-gradient":""}},"footnotes":""},"class_list":["post-4322","page","type-page","status-publish","hentry"],"yoast_head":"<!-- This site is optimized with the Yoast SEO plugin v27.3 - https:\/\/yoast.com\/product\/yoast-seo-wordpress\/ -->\n<title>Wer ist Pro Select? - Pro Select<\/title>\n<meta name=\"robots\" content=\"index, follow, max-snippet:-1, max-image-preview:large, max-video-preview:-1\" \/>\n<link rel=\"canonical\" href=\"https:\/\/www.proselectint.com\/de_de\/wer-ist-pro-select\/\" \/>\n<meta property=\"og:locale\" content=\"de_DE\" \/>\n<meta property=\"og:type\" content=\"article\" \/>\n<meta property=\"og:title\" content=\"Wer ist Pro Select? - Pro Select\" \/>\n<meta property=\"og:description\" content=\"Wer ist PRO SELECT? PRO SELECT ist ein f\u00fchrendes, international aufgestelltes Expertenteam f\u00fcr Personalvermittlung und Personalentwicklung. Wir unterst\u00fctzen Unternehmen aus Industrie, Handel und Dienstleistungen bei der passgenauen Besetzung vakanter Stellen und bei der Weiterentwicklung ihrer Mitarbeitenden. F\u00fcr Bewerber:innen, die im Gesundheitswesen, in der Industrie oder im Handel ihre Karriere in Deutschland fortsetzen m\u00f6chten, stehen unsere [&hellip;]\" \/>\n<meta property=\"og:url\" content=\"https:\/\/www.proselectint.com\/de_de\/wer-ist-pro-select\/\" \/>\n<meta property=\"og:site_name\" content=\"Pro Select\" \/>\n<meta property=\"article:publisher\" content=\"https:\/\/www.facebook.com\/proselectint\/\" \/>\n<meta property=\"article:modified_time\" content=\"2025-12-23T15:13:05+00:00\" \/>\n<meta property=\"og:image\" content=\"https:\/\/www.proselectint.com\/wp-content\/uploads\/2025\/07\/1f8b9aac-8e31-48e3-b109-83100b407fe0.png\" \/>\n\t<meta property=\"og:image:width\" content=\"1248\" \/>\n\t<meta property=\"og:image:height\" content=\"832\" \/>\n\t<meta property=\"og:image:type\" content=\"image\/png\" \/>\n<meta name=\"twitter:card\" content=\"summary_large_image\" \/>\n<meta name=\"twitter:label1\" content=\"Gesch\u00e4tzte Lesezeit\" \/>\n\t<meta name=\"twitter:data1\" content=\"2\u00a0Minuten\" \/>\n<script type=\"application\/ld+json\" class=\"yoast-schema-graph\">{\"@context\":\"https:\\\/\\\/schema.org\",\"@graph\":[{\"@type\":\"WebPage\",\"@id\":\"https:\\\/\\\/www.proselectint.com\\\/wer-ist-pro-select\\\/\",\"url\":\"https:\\\/\\\/www.proselectint.com\\\/wer-ist-pro-select\\\/\",\"name\":\"Wer ist Pro Select? - Pro Select\",\"isPartOf\":{\"@id\":\"https:\\\/\\\/www.proselectint.com\\\/de_de\\\/#website\"},\"primaryImageOfPage\":{\"@id\":\"https:\\\/\\\/www.proselectint.com\\\/wer-ist-pro-select\\\/#primaryimage\"},\"image\":{\"@id\":\"https:\\\/\\\/www.proselectint.com\\\/wer-ist-pro-select\\\/#primaryimage\"},\"thumbnailUrl\":\"https:\\\/\\\/www.proselectint.com\\\/wp-content\\\/uploads\\\/2025\\\/07\\\/1f8b9aac-8e31-48e3-b109-83100b407fe0-1024x683.png\",\"datePublished\":\"2021-08-02T10:23:07+00:00\",\"dateModified\":\"2025-12-23T15:13:05+00:00\",\"breadcrumb\":{\"@id\":\"https:\\\/\\\/www.proselectint.com\\\/wer-ist-pro-select\\\/#breadcrumb\"},\"inLanguage\":\"de\",\"potentialAction\":[{\"@type\":\"ReadAction\",\"target\":[\"https:\\\/\\\/www.proselectint.com\\\/wer-ist-pro-select\\\/\"]}]},{\"@type\":\"ImageObject\",\"inLanguage\":\"de\",\"@id\":\"https:\\\/\\\/www.proselectint.com\\\/wer-ist-pro-select\\\/#primaryimage\",\"url\":\"https:\\\/\\\/www.proselectint.com\\\/wp-content\\\/uploads\\\/2025\\\/07\\\/1f8b9aac-8e31-48e3-b109-83100b407fe0-1024x683.png\",\"contentUrl\":\"https:\\\/\\\/www.proselectint.com\\\/wp-content\\\/uploads\\\/2025\\\/07\\\/1f8b9aac-8e31-48e3-b109-83100b407fe0-1024x683.png\"},{\"@type\":\"BreadcrumbList\",\"@id\":\"https:\\\/\\\/www.proselectint.com\\\/wer-ist-pro-select\\\/#breadcrumb\",\"itemListElement\":[{\"@type\":\"ListItem\",\"position\":1,\"name\":\"Startseite\",\"item\":\"https:\\\/\\\/www.proselectint.com\\\/\"},{\"@type\":\"ListItem\",\"position\":2,\"name\":\"Wer ist Pro Select?\"}]},{\"@type\":\"WebSite\",\"@id\":\"https:\\\/\\\/www.proselectint.com\\\/de_de\\\/#website\",\"url\":\"https:\\\/\\\/www.proselectint.com\\\/de_de\\\/\",\"name\":\"Pro Select\",\"description\":\"Internationale Personal- und Unternehmensberatung\",\"publisher\":{\"@id\":\"https:\\\/\\\/www.proselectint.com\\\/de_de\\\/#organization\"},\"potentialAction\":[{\"@type\":\"SearchAction\",\"target\":{\"@type\":\"EntryPoint\",\"urlTemplate\":\"https:\\\/\\\/www.proselectint.com\\\/de_de\\\/?s={search_term_string}\"},\"query-input\":{\"@type\":\"PropertyValueSpecification\",\"valueRequired\":true,\"valueName\":\"search_term_string\"}}],\"inLanguage\":\"de\"},{\"@type\":\"Organization\",\"@id\":\"https:\\\/\\\/www.proselectint.com\\\/de_de\\\/#organization\",\"name\":\"Pro Select\",\"url\":\"https:\\\/\\\/www.proselectint.com\\\/de_de\\\/\",\"logo\":{\"@type\":\"ImageObject\",\"inLanguage\":\"de\",\"@id\":\"https:\\\/\\\/www.proselectint.com\\\/de_de\\\/#\\\/schema\\\/logo\\\/image\\\/\",\"url\":\"https:\\\/\\\/www.proselectint.com\\\/wp-content\\\/uploads\\\/2021\\\/07\\\/logo-pro-select.svg\",\"contentUrl\":\"https:\\\/\\\/www.proselectint.com\\\/wp-content\\\/uploads\\\/2021\\\/07\\\/logo-pro-select.svg\",\"width\":183,\"height\":84,\"caption\":\"Pro Select\"},\"image\":{\"@id\":\"https:\\\/\\\/www.proselectint.com\\\/de_de\\\/#\\\/schema\\\/logo\\\/image\\\/\"},\"sameAs\":[\"https:\\\/\\\/www.facebook.com\\\/proselectint\\\/\",\"https:\\\/\\\/www.instagram.com\\\/proselectinternational\\\/\"]}]}<\/script>\n<!-- \/ Yoast SEO plugin. -->","yoast_head_json":{"title":"Wer ist Pro Select? - Pro Select","robots":{"index":"index","follow":"follow","max-snippet":"max-snippet:-1","max-image-preview":"max-image-preview:large","max-video-preview":"max-video-preview:-1"},"canonical":"https:\/\/www.proselectint.com\/de_de\/wer-ist-pro-select\/","og_locale":"de_DE","og_type":"article","og_title":"Wer ist Pro Select? - Pro Select","og_description":"Wer ist PRO SELECT? PRO SELECT ist ein f\u00fchrendes, international aufgestelltes Expertenteam f\u00fcr Personalvermittlung und Personalentwicklung. Wir unterst\u00fctzen Unternehmen aus Industrie, Handel und Dienstleistungen bei der passgenauen Besetzung vakanter Stellen und bei der Weiterentwicklung ihrer Mitarbeitenden. F\u00fcr Bewerber:innen, die im Gesundheitswesen, in der Industrie oder im Handel ihre Karriere in Deutschland fortsetzen m\u00f6chten, stehen unsere [&hellip;]","og_url":"https:\/\/www.proselectint.com\/de_de\/wer-ist-pro-select\/","og_site_name":"Pro Select","article_publisher":"https:\/\/www.facebook.com\/proselectint\/","article_modified_time":"2025-12-23T15:13:05+00:00","og_image":[{"width":1248,"height":832,"url":"https:\/\/www.proselectint.com\/wp-content\/uploads\/2025\/07\/1f8b9aac-8e31-48e3-b109-83100b407fe0.png","type":"image\/png"}],"twitter_card":"summary_large_image","twitter_misc":{"Gesch\u00e4tzte Lesezeit":"2\u00a0Minuten"},"schema":{"@context":"https:\/\/schema.org","@graph":[{"@type":"WebPage","@id":"https:\/\/www.proselectint.com\/wer-ist-pro-select\/","url":"https:\/\/www.proselectint.com\/wer-ist-pro-select\/","name":"Wer ist Pro Select? - Pro Select","isPartOf":{"@id":"https:\/\/www.proselectint.com\/de_de\/#website"},"primaryImageOfPage":{"@id":"https:\/\/www.proselectint.com\/wer-ist-pro-select\/#primaryimage"},"image":{"@id":"https:\/\/www.proselectint.com\/wer-ist-pro-select\/#primaryimage"},"thumbnailUrl":"https:\/\/www.proselectint.com\/wp-content\/uploads\/2025\/07\/1f8b9aac-8e31-48e3-b109-83100b407fe0-1024x683.png","datePublished":"2021-08-02T10:23:07+00:00","dateModified":"2025-12-23T15:13:05+00:00","breadcrumb":{"@id":"https:\/\/www.proselectint.com\/wer-ist-pro-select\/#breadcrumb"},"inLanguage":"de","potentialAction":[{"@type":"ReadAction","target":["https:\/\/www.proselectint.com\/wer-ist-pro-select\/"]}]},{"@type":"ImageObject","inLanguage":"de","@id":"https:\/\/www.proselectint.com\/wer-ist-pro-select\/#primaryimage","url":"https:\/\/www.proselectint.com\/wp-content\/uploads\/2025\/07\/1f8b9aac-8e31-48e3-b109-83100b407fe0-1024x683.png","contentUrl":"https:\/\/www.proselectint.com\/wp-content\/uploads\/2025\/07\/1f8b9aac-8e31-48e3-b109-83100b407fe0-1024x683.png"},{"@type":"BreadcrumbList","@id":"https:\/\/www.proselectint.com\/wer-ist-pro-select\/#breadcrumb","itemListElement":[{"@type":"ListItem","position":1,"name":"Startseite","item":"https:\/\/www.proselectint.com\/"},{"@type":"ListItem","position":2,"name":"Wer ist Pro Select?"}]},{"@type":"WebSite","@id":"https:\/\/www.proselectint.com\/de_de\/#website","url":"https:\/\/www.proselectint.com\/de_de\/","name":"Pro Select","description":"Internationale Personal- und Unternehmensberatung","publisher":{"@id":"https:\/\/www.proselectint.com\/de_de\/#organization"},"potentialAction":[{"@type":"SearchAction","target":{"@type":"EntryPoint","urlTemplate":"https:\/\/www.proselectint.com\/de_de\/?s={search_term_string}"},"query-input":{"@type":"PropertyValueSpecification","valueRequired":true,"valueName":"search_term_string"}}],"inLanguage":"de"},{"@type":"Organization","@id":"https:\/\/www.proselectint.com\/de_de\/#organization","name":"Pro Select","url":"https:\/\/www.proselectint.com\/de_de\/","logo":{"@type":"ImageObject","inLanguage":"de","@id":"https:\/\/www.proselectint.com\/de_de\/#\/schema\/logo\/image\/","url":"https:\/\/www.proselectint.com\/wp-content\/uploads\/2021\/07\/logo-pro-select.svg","contentUrl":"https:\/\/www.proselectint.com\/wp-content\/uploads\/2021\/07\/logo-pro-select.svg","width":183,"height":84,"caption":"Pro Select"},"image":{"@id":"https:\/\/www.proselectint.com\/de_de\/#\/schema\/logo\/image\/"},"sameAs":["https:\/\/www.facebook.com\/proselectint\/","https:\/\/www.instagram.com\/proselectinternational\/"]}]}},"_links":{"self":[{"href":"https:\/\/www.proselectint.com\/de_de\/wp-json\/wp\/v2\/pages\/4322","targetHints":{"allow":["GET"]}}],"collection":[{"href":"https:\/\/www.proselectint.com\/de_de\/wp-json\/wp\/v2\/pages"}],"about":[{"href":"https:\/\/www.proselectint.com\/de_de\/wp-json\/wp\/v2\/types\/page"}],"author":[{"embeddable":true,"href":"https:\/\/www.proselectint.com\/de_de\/wp-json\/wp\/v2\/users\/3"}],"replies":[{"embeddable":true,"href":"https:\/\/www.proselectint.com\/de_de\/wp-json\/wp\/v2\/comments?post=4322"}],"version-history":[{"count":17,"href":"https:\/\/www.proselectint.com\/de_de\/wp-json\/wp\/v2\/pages\/4322\/revisions"}],"predecessor-version":[{"id":7435,"href":"https:\/\/www.proselectint.com\/de_de\/wp-json\/wp\/v2\/pages\/4322\/revisions\/7435"}],"wp:attachment":[{"href":"https:\/\/www.proselectint.com\/de_de\/wp-json\/wp\/v2\/media?parent=4322"}],"curies":[{"name":"wp","href":"https:\/\/api.w.org\/{rel}","templated":true}]}}