{"id":4190,"date":"2021-08-02T11:17:19","date_gmt":"2021-08-02T09:17:19","guid":{"rendered":"https:\/\/preview.proselectint.com\/?page_id=4190"},"modified":"2025-12-23T17:21:22","modified_gmt":"2025-12-23T16:21:22","slug":"arbeitgeber","status":"publish","type":"page","link":"https:\/\/www.proselectint.com\/en\/arbeitgeber\/","title":{"rendered":"Employer"},"content":{"rendered":"<div data-elementor-type=\"wp-page\" data-elementor-id=\"4190\" class=\"elementor elementor-4190\" data-elementor-post-type=\"page\">\n\t\t\t\t\t\t<section class=\"elementor-section elementor-top-section elementor-element elementor-element-0c3ac5d elementor-section-stretched elementor-section-full_width elementor-section-height-default elementor-section-height-default exad-glass-effect-no exad-sticky-section-no\" data-id=\"0c3ac5d\" data-element_type=\"section\" data-e-type=\"section\" data-settings=\"{&quot;stretch_section&quot;:&quot;section-stretched&quot;}\">\n\t\t\t\t\t\t<div class=\"elementor-container elementor-column-gap-default\">\n\t\t\t\t\t<div class=\"elementor-column elementor-col-100 elementor-top-column elementor-element elementor-element-dd33171 exad-glass-effect-no exad-sticky-section-no\" data-id=\"dd33171\" data-element_type=\"column\" data-e-type=\"column\">\n\t\t\t<div class=\"elementor-widget-wrap elementor-element-populated\">\n\t\t\t\t\t\t<section class=\"elementor-section elementor-inner-section elementor-element elementor-element-7a37fd5 elementor-section-boxed elementor-section-height-default elementor-section-height-default exad-glass-effect-no exad-sticky-section-no\" data-id=\"7a37fd5\" data-element_type=\"section\" data-e-type=\"section\">\n\t\t\t\t\t\t<div class=\"elementor-container elementor-column-gap-default\">\n\t\t\t\t\t<div class=\"elementor-column elementor-col-100 elementor-inner-column elementor-element elementor-element-e59aa08 exad-glass-effect-no exad-sticky-section-no\" data-id=\"e59aa08\" data-element_type=\"column\" data-e-type=\"column\">\n\t\t\t<div class=\"elementor-widget-wrap elementor-element-populated\">\n\t\t\t\t\t\t<div class=\"elementor-element elementor-element-23d2177 exad-sticky-section-no exad-glass-effect-no elementor-widget elementor-widget-heading\" data-id=\"23d2177\" data-element_type=\"widget\" data-e-type=\"widget\" data-widget_type=\"heading.default\">\n\t\t\t\t<div class=\"elementor-widget-container\">\n\t\t\t\t\t<h1 class=\"elementor-heading-title elementor-size-default\">For employers<\/h1>\t\t\t\t<\/div>\n\t\t\t\t<\/div>\n\t\t\t\t\t<\/div>\n\t\t<\/div>\n\t\t\t\t\t<\/div>\n\t\t<\/section>\n\t\t\t\t<section class=\"elementor-section elementor-inner-section elementor-element elementor-element-a35e1fe elementor-section-boxed elementor-section-height-default elementor-section-height-default exad-glass-effect-no exad-sticky-section-no\" data-id=\"a35e1fe\" data-element_type=\"section\" data-e-type=\"section\">\n\t\t\t\t\t\t<div class=\"elementor-container elementor-column-gap-default\">\n\t\t\t\t\t<div class=\"elementor-column elementor-col-50 elementor-inner-column elementor-element elementor-element-30ebe71 exad-glass-effect-no exad-sticky-section-no\" data-id=\"30ebe71\" data-element_type=\"column\" data-e-type=\"column\">\n\t\t\t<div class=\"elementor-widget-wrap elementor-element-populated\">\n\t\t\t\t\t\t<div class=\"elementor-element elementor-element-2068c6f exad-sticky-section-no exad-glass-effect-no elementor-widget elementor-widget-image\" data-id=\"2068c6f\" data-element_type=\"widget\" data-e-type=\"widget\" data-widget_type=\"image.default\">\n\t\t\t\t<div class=\"elementor-widget-container\">\n\t\t\t\t\t\t\t\t\t\t\t\t\t\t\t<img fetchpriority=\"high\" decoding=\"async\" width=\"1024\" height=\"683\" src=\"https:\/\/www.proselectint.com\/wp-content\/uploads\/2023\/09\/fuer-arbeitgeber-1024x683.jpg\" class=\"attachment-large size-large wp-image-6761\" alt=\"\" srcset=\"https:\/\/www.proselectint.com\/wp-content\/uploads\/2023\/09\/fuer-arbeitgeber-1024x683.jpg 1024w, https:\/\/www.proselectint.com\/wp-content\/uploads\/2023\/09\/fuer-arbeitgeber-300x200.jpg 300w, https:\/\/www.proselectint.com\/wp-content\/uploads\/2023\/09\/fuer-arbeitgeber-768x512.jpg 768w, https:\/\/www.proselectint.com\/wp-content\/uploads\/2023\/09\/fuer-arbeitgeber-1536x1024.jpg 1536w, https:\/\/www.proselectint.com\/wp-content\/uploads\/2023\/09\/fuer-arbeitgeber-2048x1365.jpg 2048w, https:\/\/www.proselectint.com\/wp-content\/uploads\/2023\/09\/fuer-arbeitgeber-18x12.jpg 18w, https:\/\/www.proselectint.com\/wp-content\/uploads\/2023\/09\/fuer-arbeitgeber-scaled.jpg 1600w\" sizes=\"(max-width: 1024px) 100vw, 1024px\" \/>\t\t\t\t\t\t\t\t\t\t\t\t\t\t\t<\/div>\n\t\t\t\t<\/div>\n\t\t\t\t\t<\/div>\n\t\t<\/div>\n\t\t\t\t<div class=\"elementor-column elementor-col-50 elementor-inner-column elementor-element elementor-element-e0974ec exad-glass-effect-no exad-sticky-section-no\" data-id=\"e0974ec\" data-element_type=\"column\" data-e-type=\"column\">\n\t\t\t<div class=\"elementor-widget-wrap elementor-element-populated\">\n\t\t\t\t\t\t<div class=\"elementor-element elementor-element-1794c36 exad-sticky-section-no exad-glass-effect-no elementor-widget elementor-widget-text-editor\" data-id=\"1794c36\" data-element_type=\"widget\" data-e-type=\"widget\" data-widget_type=\"text-editor.default\">\n\t\t\t\t<div class=\"elementor-widget-container\">\n\t\t\t\t\t\t\t\t\t<p><strong>Ihr Rundum-Sorglos-Paket f\u00fcr Fachkr\u00e4fte im Gesundheitswesen, Handel &amp; Industrie<\/strong><\/p><p>PRO SELECT unterst\u00fctzt Sie bei der <strong>akuten Personalsuche<\/strong> ebenso wie bei der <strong>strategischen Personalplanung<\/strong> \u2013 vom ersten Kontakt bis zur erfolgreichen Integration Ihrer neuen Mitarbeitenden.<\/p>\t\t\t\t\t\t\t\t<\/div>\n\t\t\t\t<\/div>\n\t\t\t\t\t<\/div>\n\t\t<\/div>\n\t\t\t\t\t<\/div>\n\t\t<\/section>\n\t\t\t\t<section class=\"elementor-section elementor-inner-section elementor-element elementor-element-2f3cfcd elementor-section-boxed elementor-section-height-default elementor-section-height-default exad-glass-effect-no exad-sticky-section-no\" data-id=\"2f3cfcd\" data-element_type=\"section\" data-e-type=\"section\">\n\t\t\t\t\t\t<div class=\"elementor-container elementor-column-gap-default\">\n\t\t\t\t\t<div class=\"elementor-column elementor-col-100 elementor-inner-column elementor-element elementor-element-40f94dc exad-glass-effect-no exad-sticky-section-no\" data-id=\"40f94dc\" data-element_type=\"column\" data-e-type=\"column\">\n\t\t\t<div class=\"elementor-widget-wrap elementor-element-populated\">\n\t\t\t\t\t\t<div class=\"elementor-element elementor-element-1c7871e exad-sticky-section-no exad-glass-effect-no elementor-widget elementor-widget-heading\" data-id=\"1c7871e\" data-element_type=\"widget\" data-e-type=\"widget\" data-widget_type=\"heading.default\">\n\t\t\t\t<div class=\"elementor-widget-container\">\n\t\t\t\t\t<h2 class=\"elementor-heading-title elementor-size-default\">Unser Service f\u00fcr Sie:<\/h2>\t\t\t\t<\/div>\n\t\t\t\t<\/div>\n\t\t\t\t<div class=\"elementor-element elementor-element-0504ef0 exad-sticky-section-no exad-glass-effect-no elementor-widget elementor-widget-text-editor\" data-id=\"0504ef0\" data-element_type=\"widget\" data-e-type=\"widget\" data-widget_type=\"text-editor.default\">\n\t\t\t\t<div class=\"elementor-widget-container\">\n\t\t\t\t\t\t\t\t\t<ul class=\"points\"><li>Analyse des Personalbedarfs nach Fachbereichen<\/li><li>Vorstellung gepr\u00fcfter, interessierter Bewerber:innen<\/li><li>Flexible Gestaltung des Erstkontakts: Exposepr\u00fcfung, Online-Gespr\u00e4che oder Hospitationen<\/li><li>Organisation von Hospitationen inklusive Flugbuchungen<\/li><li>Vorbereitung aller beh\u00f6rdlichen Unterlagen f\u00fcr Defizitbescheide und Weiterbildungspl\u00e4ne<\/li><li>Unterst\u00fctzung bei Arbeitserlaubnis und Aufenthaltsgenehmigung<\/li><li>Begleitung bei Botschaftsverfahren und beschleunigten Verfahren nach dem Fachkr\u00e4fteeinwanderungsgesetz<\/li><li>Vorbereitung der Einreise und pers\u00f6nliche Betreuung am ersten Arbeitstag<\/li><li>Durchf\u00fchrung von Relocation-Tagen und Organisation aller notwendigen Beh\u00f6rdenwege<\/li><li>Unterst\u00fctzung bei Anpassungsma\u00dfnahmen, Kenntnispr\u00fcfungen und Anerkennungsurkunden<\/li><li>\u00dcberwachung von Fristen, Einlegung von Einspr\u00fcchen oder Remonstrationen bei beh\u00f6rdlichen Auflagen<\/li><\/ul>\t\t\t\t\t\t\t\t<\/div>\n\t\t\t\t<\/div>\n\t\t\t\t<div class=\"elementor-element elementor-element-55b3580 exad-sticky-section-no exad-glass-effect-no elementor-widget elementor-widget-heading\" data-id=\"55b3580\" data-element_type=\"widget\" data-e-type=\"widget\" data-widget_type=\"heading.default\">\n\t\t\t\t<div class=\"elementor-widget-container\">\n\t\t\t\t\t<h2 class=\"elementor-heading-title elementor-size-default\">Ihr Vorteil:<\/h2>\t\t\t\t<\/div>\n\t\t\t\t<\/div>\n\t\t\t\t<div class=\"elementor-element elementor-element-de7ae36 exad-sticky-section-no exad-glass-effect-no elementor-widget elementor-widget-text-editor\" data-id=\"de7ae36\" data-element_type=\"widget\" data-e-type=\"widget\" data-widget_type=\"text-editor.default\">\n\t\t\t\t<div class=\"elementor-widget-container\">\n\t\t\t\t\t\t\t\t\t<p>PRO SELECT entlastet Ihre Personalabteilung durch professionelles Know-how im gesamten Bereich <strong>Human Resources<\/strong> \u2013 effizient, zuverl\u00e4ssig und individuell auf Ihre Einrichtung abgestimmt.<\/p>\t\t\t\t\t\t\t\t<\/div>\n\t\t\t\t<\/div>\n\t\t\t\t\t<\/div>\n\t\t<\/div>\n\t\t\t\t\t<\/div>\n\t\t<\/section>\n\t\t\t\t\t<\/div>\n\t\t<\/div>\n\t\t\t\t\t<\/div>\n\t\t<\/section>\n\t\t\t\t<\/div>","protected":false},"excerpt":{"rendered":"<p>F\u00fcr Arbeitgeber Ihr Rundum-Sorglos-Paket f\u00fcr Fachkr\u00e4fte im Gesundheitswesen, Handel &amp; Industrie PRO SELECT unterst\u00fctzt Sie bei der akuten Personalsuche ebenso wie bei der strategischen Personalplanung \u2013 vom ersten Kontakt bis zur erfolgreichen Integration Ihrer neuen Mitarbeitenden. Unser Service f\u00fcr Sie: Analyse des Personalbedarfs nach Fachbereichen Vorstellung gepr\u00fcfter, interessierter Bewerber:innen Flexible Gestaltung des Erstkontakts: Exposepr\u00fcfung, Online-Gespr\u00e4che [&hellip;]<\/p>\n","protected":false},"author":3,"featured_media":0,"parent":0,"menu_order":0,"comment_status":"closed","ping_status":"closed","template":"elementor_theme","meta":{"content-type":"","site-sidebar-layout":"no-sidebar","site-content-layout":"page-builder","ast-site-content-layout":"default","site-content-style":"default","site-sidebar-style":"default","ast-global-header-display":"","ast-banner-title-visibility":"","ast-main-header-display":"","ast-hfb-above-header-display":"","ast-hfb-below-header-display":"","ast-hfb-mobile-header-display":"","site-post-title":"disabled","ast-breadcrumbs-content":"","ast-featured-img":"disabled","footer-sml-layout":"","ast-disable-related-posts":"","theme-transparent-header-meta":"default","adv-header-id-meta":"","stick-header-meta":"","header-above-stick-meta":"","header-main-stick-meta":"","header-below-stick-meta":"","astra-migrate-meta-layouts":"default","ast-page-background-enabled":"default","ast-page-background-meta":{"desktop":{"background-color":"var(--ast-global-color-4)","background-image":"","background-repeat":"repeat","background-position":"center center","background-size":"auto","background-attachment":"scroll","background-type":"","background-media":"","overlay-type":"","overlay-color":"","overlay-opacity":"","overlay-gradient":""},"tablet":{"background-color":"","background-image":"","background-repeat":"repeat","background-position":"center center","background-size":"auto","background-attachment":"scroll","background-type":"","background-media":"","overlay-type":"","overlay-color":"","overlay-opacity":"","overlay-gradient":""},"mobile":{"background-color":"","background-image":"","background-repeat":"repeat","background-position":"center center","background-size":"auto","background-attachment":"scroll","background-type":"","background-media":"","overlay-type":"","overlay-color":"","overlay-opacity":"","overlay-gradient":""}},"ast-content-background-meta":{"desktop":{"background-color":"var(--ast-global-color-5)","background-image":"","background-repeat":"repeat","background-position":"center center","background-size":"auto","background-attachment":"scroll","background-type":"","background-media":"","overlay-type":"","overlay-color":"","overlay-opacity":"","overlay-gradient":""},"tablet":{"background-color":"var(--ast-global-color-5)","background-image":"","background-repeat":"repeat","background-position":"center center","background-size":"auto","background-attachment":"scroll","background-type":"","background-media":"","overlay-type":"","overlay-color":"","overlay-opacity":"","overlay-gradient":""},"mobile":{"background-color":"var(--ast-global-color-5)","background-image":"","background-repeat":"repeat","background-position":"center center","background-size":"auto","background-attachment":"scroll","background-type":"","background-media":"","overlay-type":"","overlay-color":"","overlay-opacity":"","overlay-gradient":""}},"footnotes":""},"class_list":["post-4190","page","type-page","status-publish","hentry"],"yoast_head":"<!-- This site is optimized with the Yoast SEO plugin v27.4 - https:\/\/yoast.com\/product\/yoast-seo-wordpress\/ -->\n<title>Arbeitgeber - Pro Select<\/title>\n<meta name=\"robots\" content=\"index, follow, max-snippet:-1, max-image-preview:large, max-video-preview:-1\" \/>\n<link rel=\"canonical\" href=\"https:\/\/www.proselectint.com\/en\/arbeitgeber\/\" \/>\n<meta property=\"og:locale\" content=\"en_US\" \/>\n<meta property=\"og:type\" content=\"article\" \/>\n<meta property=\"og:title\" content=\"Arbeitgeber - Pro Select\" \/>\n<meta property=\"og:description\" content=\"F\u00fcr Arbeitgeber Ihr Rundum-Sorglos-Paket f\u00fcr Fachkr\u00e4fte im Gesundheitswesen, Handel &amp; Industrie PRO SELECT unterst\u00fctzt Sie bei der akuten Personalsuche ebenso wie bei der strategischen Personalplanung \u2013 vom ersten Kontakt bis zur erfolgreichen Integration Ihrer neuen Mitarbeitenden. Unser Service f\u00fcr Sie: Analyse des Personalbedarfs nach Fachbereichen Vorstellung gepr\u00fcfter, interessierter Bewerber:innen Flexible Gestaltung des Erstkontakts: Exposepr\u00fcfung, Online-Gespr\u00e4che [&hellip;]\" \/>\n<meta property=\"og:url\" content=\"https:\/\/www.proselectint.com\/en\/arbeitgeber\/\" \/>\n<meta property=\"og:site_name\" content=\"Pro Select\" \/>\n<meta property=\"article:publisher\" content=\"https:\/\/www.facebook.com\/proselectint\/\" \/>\n<meta property=\"article:modified_time\" content=\"2025-12-23T16:21:22+00:00\" \/>\n<meta property=\"og:image\" content=\"https:\/\/www.proselectint.com\/wp-content\/uploads\/2023\/09\/fuer-arbeitgeber-scaled.jpg\" \/>\n\t<meta property=\"og:image:width\" content=\"1600\" \/>\n\t<meta property=\"og:image:height\" content=\"1067\" \/>\n\t<meta property=\"og:image:type\" content=\"image\/jpeg\" \/>\n<meta name=\"twitter:card\" content=\"summary_large_image\" \/>\n<meta name=\"twitter:label1\" content=\"Est. reading time\" \/>\n\t<meta name=\"twitter:data1\" content=\"1 minute\" \/>\n<script type=\"application\/ld+json\" class=\"yoast-schema-graph\">{\"@context\":\"https:\\\/\\\/schema.org\",\"@graph\":[{\"@type\":\"WebPage\",\"@id\":\"https:\\\/\\\/www.proselectint.com\\\/de_de\\\/arbeitgeber\\\/\",\"url\":\"https:\\\/\\\/www.proselectint.com\\\/de_de\\\/arbeitgeber\\\/\",\"name\":\"Arbeitgeber - Pro Select\",\"isPartOf\":{\"@id\":\"https:\\\/\\\/www.proselectint.com\\\/de_de\\\/#website\"},\"primaryImageOfPage\":{\"@id\":\"https:\\\/\\\/www.proselectint.com\\\/de_de\\\/arbeitgeber\\\/#primaryimage\"},\"image\":{\"@id\":\"https:\\\/\\\/www.proselectint.com\\\/de_de\\\/arbeitgeber\\\/#primaryimage\"},\"thumbnailUrl\":\"https:\\\/\\\/www.proselectint.com\\\/wp-content\\\/uploads\\\/2023\\\/09\\\/fuer-arbeitgeber-1024x683.jpg\",\"datePublished\":\"2021-08-02T09:17:19+00:00\",\"dateModified\":\"2025-12-23T16:21:22+00:00\",\"breadcrumb\":{\"@id\":\"https:\\\/\\\/www.proselectint.com\\\/de_de\\\/arbeitgeber\\\/#breadcrumb\"},\"inLanguage\":\"en-US\",\"potentialAction\":[{\"@type\":\"ReadAction\",\"target\":[\"https:\\\/\\\/www.proselectint.com\\\/de_de\\\/arbeitgeber\\\/\"]}]},{\"@type\":\"ImageObject\",\"inLanguage\":\"en-US\",\"@id\":\"https:\\\/\\\/www.proselectint.com\\\/de_de\\\/arbeitgeber\\\/#primaryimage\",\"url\":\"https:\\\/\\\/www.proselectint.com\\\/wp-content\\\/uploads\\\/2023\\\/09\\\/fuer-arbeitgeber-1024x683.jpg\",\"contentUrl\":\"https:\\\/\\\/www.proselectint.com\\\/wp-content\\\/uploads\\\/2023\\\/09\\\/fuer-arbeitgeber-1024x683.jpg\"},{\"@type\":\"BreadcrumbList\",\"@id\":\"https:\\\/\\\/www.proselectint.com\\\/de_de\\\/arbeitgeber\\\/#breadcrumb\",\"itemListElement\":[{\"@type\":\"ListItem\",\"position\":1,\"name\":\"Startseite\",\"item\":\"https:\\\/\\\/www.proselectint.com\\\/\"},{\"@type\":\"ListItem\",\"position\":2,\"name\":\"Arbeitgeber\"}]},{\"@type\":\"WebSite\",\"@id\":\"https:\\\/\\\/www.proselectint.com\\\/de_de\\\/#website\",\"url\":\"https:\\\/\\\/www.proselectint.com\\\/de_de\\\/\",\"name\":\"Pro Select\",\"description\":\"Internationale Personal- und Unternehmensberatung\",\"publisher\":{\"@id\":\"https:\\\/\\\/www.proselectint.com\\\/de_de\\\/#organization\"},\"potentialAction\":[{\"@type\":\"SearchAction\",\"target\":{\"@type\":\"EntryPoint\",\"urlTemplate\":\"https:\\\/\\\/www.proselectint.com\\\/de_de\\\/?s={search_term_string}\"},\"query-input\":{\"@type\":\"PropertyValueSpecification\",\"valueRequired\":true,\"valueName\":\"search_term_string\"}}],\"inLanguage\":\"en-US\"},{\"@type\":\"Organization\",\"@id\":\"https:\\\/\\\/www.proselectint.com\\\/de_de\\\/#organization\",\"name\":\"Pro Select\",\"url\":\"https:\\\/\\\/www.proselectint.com\\\/de_de\\\/\",\"logo\":{\"@type\":\"ImageObject\",\"inLanguage\":\"en-US\",\"@id\":\"https:\\\/\\\/www.proselectint.com\\\/de_de\\\/#\\\/schema\\\/logo\\\/image\\\/\",\"url\":\"https:\\\/\\\/www.proselectint.com\\\/wp-content\\\/uploads\\\/2021\\\/07\\\/logo-pro-select.svg\",\"contentUrl\":\"https:\\\/\\\/www.proselectint.com\\\/wp-content\\\/uploads\\\/2021\\\/07\\\/logo-pro-select.svg\",\"width\":183,\"height\":84,\"caption\":\"Pro Select\"},\"image\":{\"@id\":\"https:\\\/\\\/www.proselectint.com\\\/de_de\\\/#\\\/schema\\\/logo\\\/image\\\/\"},\"sameAs\":[\"https:\\\/\\\/www.facebook.com\\\/proselectint\\\/\",\"https:\\\/\\\/www.instagram.com\\\/proselectinternational\\\/\"]}]}<\/script>\n<!-- \/ Yoast SEO plugin. -->","yoast_head_json":{"title":"Arbeitgeber - Pro Select","robots":{"index":"index","follow":"follow","max-snippet":"max-snippet:-1","max-image-preview":"max-image-preview:large","max-video-preview":"max-video-preview:-1"},"canonical":"https:\/\/www.proselectint.com\/en\/arbeitgeber\/","og_locale":"en_US","og_type":"article","og_title":"Arbeitgeber - Pro Select","og_description":"F\u00fcr Arbeitgeber Ihr Rundum-Sorglos-Paket f\u00fcr Fachkr\u00e4fte im Gesundheitswesen, Handel &amp; Industrie PRO SELECT unterst\u00fctzt Sie bei der akuten Personalsuche ebenso wie bei der strategischen Personalplanung \u2013 vom ersten Kontakt bis zur erfolgreichen Integration Ihrer neuen Mitarbeitenden. Unser Service f\u00fcr Sie: Analyse des Personalbedarfs nach Fachbereichen Vorstellung gepr\u00fcfter, interessierter Bewerber:innen Flexible Gestaltung des Erstkontakts: Exposepr\u00fcfung, Online-Gespr\u00e4che [&hellip;]","og_url":"https:\/\/www.proselectint.com\/en\/arbeitgeber\/","og_site_name":"Pro Select","article_publisher":"https:\/\/www.facebook.com\/proselectint\/","article_modified_time":"2025-12-23T16:21:22+00:00","og_image":[{"width":1600,"height":1067,"url":"https:\/\/www.proselectint.com\/wp-content\/uploads\/2023\/09\/fuer-arbeitgeber-scaled.jpg","type":"image\/jpeg"}],"twitter_card":"summary_large_image","twitter_misc":{"Est. reading time":"1 minute"},"schema":{"@context":"https:\/\/schema.org","@graph":[{"@type":"WebPage","@id":"https:\/\/www.proselectint.com\/de_de\/arbeitgeber\/","url":"https:\/\/www.proselectint.com\/de_de\/arbeitgeber\/","name":"Arbeitgeber - Pro Select","isPartOf":{"@id":"https:\/\/www.proselectint.com\/de_de\/#website"},"primaryImageOfPage":{"@id":"https:\/\/www.proselectint.com\/de_de\/arbeitgeber\/#primaryimage"},"image":{"@id":"https:\/\/www.proselectint.com\/de_de\/arbeitgeber\/#primaryimage"},"thumbnailUrl":"https:\/\/www.proselectint.com\/wp-content\/uploads\/2023\/09\/fuer-arbeitgeber-1024x683.jpg","datePublished":"2021-08-02T09:17:19+00:00","dateModified":"2025-12-23T16:21:22+00:00","breadcrumb":{"@id":"https:\/\/www.proselectint.com\/de_de\/arbeitgeber\/#breadcrumb"},"inLanguage":"en-US","potentialAction":[{"@type":"ReadAction","target":["https:\/\/www.proselectint.com\/de_de\/arbeitgeber\/"]}]},{"@type":"ImageObject","inLanguage":"en-US","@id":"https:\/\/www.proselectint.com\/de_de\/arbeitgeber\/#primaryimage","url":"https:\/\/www.proselectint.com\/wp-content\/uploads\/2023\/09\/fuer-arbeitgeber-1024x683.jpg","contentUrl":"https:\/\/www.proselectint.com\/wp-content\/uploads\/2023\/09\/fuer-arbeitgeber-1024x683.jpg"},{"@type":"BreadcrumbList","@id":"https:\/\/www.proselectint.com\/de_de\/arbeitgeber\/#breadcrumb","itemListElement":[{"@type":"ListItem","position":1,"name":"Startseite","item":"https:\/\/www.proselectint.com\/"},{"@type":"ListItem","position":2,"name":"Arbeitgeber"}]},{"@type":"WebSite","@id":"https:\/\/www.proselectint.com\/de_de\/#website","url":"https:\/\/www.proselectint.com\/de_de\/","name":"Pro Select","description":"Internationale Personal- und Unternehmensberatung","publisher":{"@id":"https:\/\/www.proselectint.com\/de_de\/#organization"},"potentialAction":[{"@type":"SearchAction","target":{"@type":"EntryPoint","urlTemplate":"https:\/\/www.proselectint.com\/de_de\/?s={search_term_string}"},"query-input":{"@type":"PropertyValueSpecification","valueRequired":true,"valueName":"search_term_string"}}],"inLanguage":"en-US"},{"@type":"Organization","@id":"https:\/\/www.proselectint.com\/de_de\/#organization","name":"Pro Select","url":"https:\/\/www.proselectint.com\/de_de\/","logo":{"@type":"ImageObject","inLanguage":"en-US","@id":"https:\/\/www.proselectint.com\/de_de\/#\/schema\/logo\/image\/","url":"https:\/\/www.proselectint.com\/wp-content\/uploads\/2021\/07\/logo-pro-select.svg","contentUrl":"https:\/\/www.proselectint.com\/wp-content\/uploads\/2021\/07\/logo-pro-select.svg","width":183,"height":84,"caption":"Pro Select"},"image":{"@id":"https:\/\/www.proselectint.com\/de_de\/#\/schema\/logo\/image\/"},"sameAs":["https:\/\/www.facebook.com\/proselectint\/","https:\/\/www.instagram.com\/proselectinternational\/"]}]}},"_links":{"self":[{"href":"https:\/\/www.proselectint.com\/en\/wp-json\/wp\/v2\/pages\/4190","targetHints":{"allow":["GET"]}}],"collection":[{"href":"https:\/\/www.proselectint.com\/en\/wp-json\/wp\/v2\/pages"}],"about":[{"href":"https:\/\/www.proselectint.com\/en\/wp-json\/wp\/v2\/types\/page"}],"author":[{"embeddable":true,"href":"https:\/\/www.proselectint.com\/en\/wp-json\/wp\/v2\/users\/3"}],"replies":[{"embeddable":true,"href":"https:\/\/www.proselectint.com\/en\/wp-json\/wp\/v2\/comments?post=4190"}],"version-history":[{"count":38,"href":"https:\/\/www.proselectint.com\/en\/wp-json\/wp\/v2\/pages\/4190\/revisions"}],"predecessor-version":[{"id":7474,"href":"https:\/\/www.proselectint.com\/en\/wp-json\/wp\/v2\/pages\/4190\/revisions\/7474"}],"wp:attachment":[{"href":"https:\/\/www.proselectint.com\/en\/wp-json\/wp\/v2\/media?parent=4190"}],"curies":[{"name":"wp","href":"https:\/\/api.w.org\/{rel}","templated":true}]}}