{"id":4356,"date":"2021-08-02T12:54:12","date_gmt":"2021-08-02T10:54:12","guid":{"rendered":"https:\/\/preview.proselectint.com\/?page_id=4356"},"modified":"2025-04-17T11:47:23","modified_gmt":"2025-04-17T09:47:23","slug":"downloads","status":"publish","type":"page","link":"https:\/\/www.proselectint.com\/en\/downloads\/","title":{"rendered":"Testimonials"},"content":{"rendered":"<div data-elementor-type=\"wp-page\" data-elementor-id=\"4356\" class=\"elementor elementor-4356\" data-elementor-post-type=\"page\">\n\t\t\t\t\t\t<section class=\"elementor-section elementor-top-section elementor-element elementor-element-987bf9f elementor-section-boxed elementor-section-height-default elementor-section-height-default exad-glass-effect-no exad-sticky-section-no\" data-id=\"987bf9f\" data-element_type=\"section\" data-e-type=\"section\">\n\t\t\t\t\t\t<div class=\"elementor-container elementor-column-gap-default\">\n\t\t\t\t\t<div class=\"elementor-column elementor-col-100 elementor-top-column elementor-element elementor-element-6559ee3 exad-glass-effect-no exad-sticky-section-no\" data-id=\"6559ee3\" data-element_type=\"column\" data-e-type=\"column\">\n\t\t\t<div class=\"elementor-widget-wrap elementor-element-populated\">\n\t\t\t\t\t\t<div class=\"elementor-element elementor-element-ad6942a exad-sticky-section-no exad-glass-effect-no elementor-widget elementor-widget-heading\" data-id=\"ad6942a\" data-element_type=\"widget\" data-e-type=\"widget\" data-widget_type=\"heading.default\">\n\t\t\t\t<div class=\"elementor-widget-container\">\n\t\t\t\t\t<h1 class=\"elementor-heading-title elementor-size-default\">Testimonials<\/h1>\t\t\t\t<\/div>\n\t\t\t\t<\/div>\n\t\t\t\t<section class=\"elementor-section elementor-inner-section elementor-element elementor-element-f2608a7 elementor-section-boxed elementor-section-height-default elementor-section-height-default exad-glass-effect-no exad-sticky-section-no\" data-id=\"f2608a7\" data-element_type=\"section\" data-e-type=\"section\">\n\t\t\t\t\t\t<div class=\"elementor-container elementor-column-gap-default\">\n\t\t\t\t\t<div class=\"elementor-column elementor-col-33 elementor-inner-column elementor-element elementor-element-5866440 exad-glass-effect-no exad-sticky-section-no\" data-id=\"5866440\" data-element_type=\"column\" data-e-type=\"column\">\n\t\t\t<div class=\"elementor-widget-wrap elementor-element-populated\">\n\t\t\t\t\t\t<div class=\"elementor-element elementor-element-f49791b downloadBoxes elementor-widget__width-inherit exad-sticky-section-no exad-glass-effect-no elementor-widget elementor-widget-text-editor\" data-id=\"f49791b\" data-element_type=\"widget\" data-e-type=\"widget\" data-widget_type=\"text-editor.default\">\n\t\t\t\t<div class=\"elementor-widget-container\">\n\t\t\t\t\t\t\t\t\t<p>Handout about PRO SELECT<span class=\"downloadDetails\"><br \/><i class=\"fa fa-download\" hidden=\"true\" aria-=\"\"><\/i> (1 MB | PDF) <\/span><\/p>\t\t\t\t\t\t\t\t<\/div>\n\t\t\t\t<\/div>\n\t\t\t\t\t<\/div>\n\t\t<\/div>\n\t\t\t\t<div class=\"elementor-column elementor-col-33 elementor-inner-column elementor-element elementor-element-5f3d285 exad-glass-effect-no exad-sticky-section-no\" data-id=\"5f3d285\" data-element_type=\"column\" data-e-type=\"column\">\n\t\t\t<div class=\"elementor-widget-wrap elementor-element-populated\">\n\t\t\t\t\t\t<div class=\"elementor-element elementor-element-3d6691c downloadBoxes elementor-widget__width-inherit exad-sticky-section-no exad-glass-effect-no elementor-widget elementor-widget-text-editor\" data-id=\"3d6691c\" data-element_type=\"widget\" data-e-type=\"widget\" data-widget_type=\"text-editor.default\">\n\t\t\t\t<div class=\"elementor-widget-container\">\n\t\t\t\t\t\t\t\t\t<p>Terms of Service<span class=\"downloadDetails\"><br \/><i class=\"fa fa-download\" hidden=\"true\" aria-=\"\"><\/i> (84 KB MB | PDF)<\/span><\/p>\t\t\t\t\t\t\t\t<\/div>\n\t\t\t\t<\/div>\n\t\t\t\t\t<\/div>\n\t\t<\/div>\n\t\t\t\t<div class=\"elementor-column elementor-col-33 elementor-inner-column elementor-element elementor-element-647ba99 exad-glass-effect-no exad-sticky-section-no\" data-id=\"647ba99\" data-element_type=\"column\" data-e-type=\"column\">\n\t\t\t<div class=\"elementor-widget-wrap elementor-element-populated\">\n\t\t\t\t\t\t<div class=\"elementor-element elementor-element-8e936e7 downloadBoxes elementor-widget__width-inherit exad-sticky-section-no exad-glass-effect-no elementor-widget elementor-widget-text-editor\" data-id=\"8e936e7\" data-element_type=\"widget\" data-e-type=\"widget\" data-widget_type=\"text-editor.default\">\n\t\t\t\t<div class=\"elementor-widget-container\">\n\t\t\t\t\t\t\t\t\t<p>Privacy policy<span class=\"downloadDetails\"><br \/><i class=\"fa fa-download\" hidden=\"true\" aria-=\"\"><\/i> (1 MB | PDF) <\/span><\/p>\t\t\t\t\t\t\t\t<\/div>\n\t\t\t\t<\/div>\n\t\t\t\t\t<\/div>\n\t\t<\/div>\n\t\t\t\t\t<\/div>\n\t\t<\/section>\n\t\t\t\t<section class=\"elementor-section elementor-inner-section elementor-element elementor-element-53d26be elementor-section-boxed elementor-section-height-default elementor-section-height-default exad-glass-effect-no exad-sticky-section-no\" data-id=\"53d26be\" data-element_type=\"section\" data-e-type=\"section\">\n\t\t\t\t\t\t<div class=\"elementor-container elementor-column-gap-default\">\n\t\t\t\t\t<div class=\"elementor-column elementor-col-33 elementor-inner-column elementor-element elementor-element-fc361dd exad-glass-effect-no exad-sticky-section-no\" data-id=\"fc361dd\" data-element_type=\"column\" data-e-type=\"column\">\n\t\t\t<div class=\"elementor-widget-wrap elementor-element-populated\">\n\t\t\t\t\t\t<div class=\"exad-link-anything-wrapper elementor-element elementor-element-a68f307 downloadBoxes elementor-widget__width-inherit exad-sticky-section-no exad-glass-effect-no elementor-widget elementor-widget-text-editor\" data-exad-element-link=\"{&quot;url&quot;:&quot;https:\\\/\\\/www.proselectint.com\\\/wp-content\\\/uploads\\\/2025\\\/04\\\/2021_Referenz_IHK.pdf&quot;,&quot;is_external&quot;:&quot;on&quot;,&quot;nofollow&quot;:&quot;on&quot;,&quot;custom_attributes&quot;:&quot;&quot;}\" style=\"cursor: pointer\" data-id=\"a68f307\" data-element_type=\"widget\" data-e-type=\"widget\" data-widget_type=\"text-editor.default\">\n\t\t\t\t<div class=\"elementor-widget-container\">\n\t\t\t\t\t\t\t\t\t<p>Reference IHK Heilbronn <span class=\"downloadDetails\"><br \/><i class=\"fa fa-download\" hidden=\"true\" aria-=\"\"><\/i> (1.4 MB | PDF)<\/span><\/p>\t\t\t\t\t\t\t\t<\/div>\n\t\t\t\t<\/div>\n\t\t\t\t\t<\/div>\n\t\t<\/div>\n\t\t\t\t<div class=\"elementor-column elementor-col-33 elementor-inner-column elementor-element elementor-element-0cd3af1 exad-glass-effect-no exad-sticky-section-no\" data-id=\"0cd3af1\" data-element_type=\"column\" data-e-type=\"column\">\n\t\t\t<div class=\"elementor-widget-wrap elementor-element-populated\">\n\t\t\t\t\t\t<div class=\"exad-link-anything-wrapper elementor-element elementor-element-7a29c7a downloadBoxes elementor-widget__width-inherit exad-sticky-section-no exad-glass-effect-no elementor-widget elementor-widget-text-editor\" data-exad-element-link=\"{&quot;url&quot;:&quot;https:\\\/\\\/www.proselectint.com\\\/wp-content\\\/uploads\\\/2025\\\/04\\\/Referenzschreiben-Pro-Select.pdf&quot;,&quot;is_external&quot;:&quot;on&quot;,&quot;nofollow&quot;:&quot;on&quot;,&quot;custom_attributes&quot;:&quot;&quot;}\" style=\"cursor: pointer\" data-id=\"7a29c7a\" data-element_type=\"widget\" data-e-type=\"widget\" data-widget_type=\"text-editor.default\">\n\t\t\t\t<div class=\"elementor-widget-container\">\n\t\t\t\t\t\t\t\t\t<p>Referenz Universit\u00e4tsklinikum W\u00fcrzburg<span class=\"downloadDetails\"><br \/><i class=\"fa fa-download\" hidden=\"true\" aria-=\"\"><\/i> (136\u00a0KB | PDF)<\/span><\/p>\t\t\t\t\t\t\t\t<\/div>\n\t\t\t\t<\/div>\n\t\t\t\t\t<\/div>\n\t\t<\/div>\n\t\t\t\t<div class=\"elementor-column elementor-col-33 elementor-inner-column elementor-element elementor-element-ba85178 exad-glass-effect-no exad-sticky-section-no\" data-id=\"ba85178\" data-element_type=\"column\" data-e-type=\"column\">\n\t\t\t<div class=\"elementor-widget-wrap\">\n\t\t\t\t\t\t\t<\/div>\n\t\t<\/div>\n\t\t\t\t\t<\/div>\n\t\t<\/section>\n\t\t\t\t\t<\/div>\n\t\t<\/div>\n\t\t\t\t\t<\/div>\n\t\t<\/section>\n\t\t\t\t<\/div>","protected":false},"excerpt":{"rendered":"<p>Downloads Handout \u00fcber PRO SELECT (1 MB | PDF) Allgemeine Gesch\u00e4ftsbedingungen (84 KB MB | PDF) Datenschutzerkl\u00e4rung (1 MB | PDF) Referenz IHK Heilbronn (1,4 MB | PDF) Referenz Universit\u00e4tsklinikum W\u00fcrzburg (136\u00a0KB | PDF)<\/p>","protected":false},"author":3,"featured_media":0,"parent":0,"menu_order":0,"comment_status":"closed","ping_status":"closed","template":"elementor_theme","meta":{"content-type":"","site-sidebar-layout":"no-sidebar","site-content-layout":"page-builder","ast-site-content-layout":"default","site-content-style":"default","site-sidebar-style":"default","ast-global-header-display":"","ast-banner-title-visibility":"","ast-main-header-display":"","ast-hfb-above-header-display":"","ast-hfb-below-header-display":"","ast-hfb-mobile-header-display":"","site-post-title":"disabled","ast-breadcrumbs-content":"","ast-featured-img":"disabled","footer-sml-layout":"","ast-disable-related-posts":"","theme-transparent-header-meta":"default","adv-header-id-meta":"","stick-header-meta":"","header-above-stick-meta":"","header-main-stick-meta":"","header-below-stick-meta":"","astra-migrate-meta-layouts":"default","ast-page-background-enabled":"default","ast-page-background-meta":{"desktop":{"background-color":"var(--ast-global-color-4)","background-image":"","background-repeat":"repeat","background-position":"center center","background-size":"auto","background-attachment":"scroll","background-type":"","background-media":"","overlay-type":"","overlay-color":"","overlay-opacity":"","overlay-gradient":""},"tablet":{"background-color":"","background-image":"","background-repeat":"repeat","background-position":"center center","background-size":"auto","background-attachment":"scroll","background-type":"","background-media":"","overlay-type":"","overlay-color":"","overlay-opacity":"","overlay-gradient":""},"mobile":{"background-color":"","background-image":"","background-repeat":"repeat","background-position":"center center","background-size":"auto","background-attachment":"scroll","background-type":"","background-media":"","overlay-type":"","overlay-color":"","overlay-opacity":"","overlay-gradient":""}},"ast-content-background-meta":{"desktop":{"background-color":"var(--ast-global-color-5)","background-image":"","background-repeat":"repeat","background-position":"center center","background-size":"auto","background-attachment":"scroll","background-type":"","background-media":"","overlay-type":"","overlay-color":"","overlay-opacity":"","overlay-gradient":""},"tablet":{"background-color":"var(--ast-global-color-5)","background-image":"","background-repeat":"repeat","background-position":"center center","background-size":"auto","background-attachment":"scroll","background-type":"","background-media":"","overlay-type":"","overlay-color":"","overlay-opacity":"","overlay-gradient":""},"mobile":{"background-color":"var(--ast-global-color-5)","background-image":"","background-repeat":"repeat","background-position":"center center","background-size":"auto","background-attachment":"scroll","background-type":"","background-media":"","overlay-type":"","overlay-color":"","overlay-opacity":"","overlay-gradient":""}},"footnotes":""},"class_list":["post-4356","page","type-page","status-publish","hentry"],"yoast_head":"<!-- This site is optimized with the Yoast SEO plugin v27.4 - https:\/\/yoast.com\/product\/yoast-seo-wordpress\/ -->\n<title>Downloads - Pro Select<\/title>\n<meta name=\"robots\" content=\"index, follow, max-snippet:-1, max-image-preview:large, max-video-preview:-1\" \/>\n<link rel=\"canonical\" href=\"https:\/\/www.proselectint.com\/en\/downloads\/\" \/>\n<meta property=\"og:locale\" content=\"en_US\" \/>\n<meta property=\"og:type\" content=\"article\" \/>\n<meta property=\"og:title\" content=\"Downloads - Pro Select\" \/>\n<meta property=\"og:description\" content=\"Downloads Handout \u00fcber PRO SELECT (1 MB | PDF) Allgemeine Gesch\u00e4ftsbedingungen (84 KB MB | PDF) Datenschutzerkl\u00e4rung (1 MB | PDF) Referenz IHK Heilbronn (1,4 MB | PDF) Referenz Universit\u00e4tsklinikum W\u00fcrzburg (136\u00a0KB | PDF)\" \/>\n<meta property=\"og:url\" content=\"https:\/\/www.proselectint.com\/en\/downloads\/\" \/>\n<meta property=\"og:site_name\" content=\"Pro Select\" \/>\n<meta property=\"article:publisher\" content=\"https:\/\/www.facebook.com\/proselectint\/\" \/>\n<meta property=\"article:modified_time\" content=\"2025-04-17T09:47:23+00:00\" \/>\n<meta name=\"twitter:card\" content=\"summary_large_image\" \/>\n<meta name=\"twitter:label1\" content=\"Est. reading time\" \/>\n\t<meta name=\"twitter:data1\" content=\"1 minute\" \/>\n<script type=\"application\/ld+json\" class=\"yoast-schema-graph\">{\"@context\":\"https:\\\/\\\/schema.org\",\"@graph\":[{\"@type\":\"WebPage\",\"@id\":\"https:\\\/\\\/www.proselectint.com\\\/downloads\\\/\",\"url\":\"https:\\\/\\\/www.proselectint.com\\\/downloads\\\/\",\"name\":\"Downloads - Pro Select\",\"isPartOf\":{\"@id\":\"https:\\\/\\\/www.proselectint.com\\\/de_de\\\/#website\"},\"datePublished\":\"2021-08-02T10:54:12+00:00\",\"dateModified\":\"2025-04-17T09:47:23+00:00\",\"breadcrumb\":{\"@id\":\"https:\\\/\\\/www.proselectint.com\\\/downloads\\\/#breadcrumb\"},\"inLanguage\":\"en-US\",\"potentialAction\":[{\"@type\":\"ReadAction\",\"target\":[\"https:\\\/\\\/www.proselectint.com\\\/downloads\\\/\"]}]},{\"@type\":\"BreadcrumbList\",\"@id\":\"https:\\\/\\\/www.proselectint.com\\\/downloads\\\/#breadcrumb\",\"itemListElement\":[{\"@type\":\"ListItem\",\"position\":1,\"name\":\"Startseite\",\"item\":\"https:\\\/\\\/www.proselectint.com\\\/\"},{\"@type\":\"ListItem\",\"position\":2,\"name\":\"Downloads\"}]},{\"@type\":\"WebSite\",\"@id\":\"https:\\\/\\\/www.proselectint.com\\\/de_de\\\/#website\",\"url\":\"https:\\\/\\\/www.proselectint.com\\\/de_de\\\/\",\"name\":\"Pro Select\",\"description\":\"Internationale Personal- und Unternehmensberatung\",\"publisher\":{\"@id\":\"https:\\\/\\\/www.proselectint.com\\\/de_de\\\/#organization\"},\"potentialAction\":[{\"@type\":\"SearchAction\",\"target\":{\"@type\":\"EntryPoint\",\"urlTemplate\":\"https:\\\/\\\/www.proselectint.com\\\/de_de\\\/?s={search_term_string}\"},\"query-input\":{\"@type\":\"PropertyValueSpecification\",\"valueRequired\":true,\"valueName\":\"search_term_string\"}}],\"inLanguage\":\"en-US\"},{\"@type\":\"Organization\",\"@id\":\"https:\\\/\\\/www.proselectint.com\\\/de_de\\\/#organization\",\"name\":\"Pro Select\",\"url\":\"https:\\\/\\\/www.proselectint.com\\\/de_de\\\/\",\"logo\":{\"@type\":\"ImageObject\",\"inLanguage\":\"en-US\",\"@id\":\"https:\\\/\\\/www.proselectint.com\\\/de_de\\\/#\\\/schema\\\/logo\\\/image\\\/\",\"url\":\"https:\\\/\\\/www.proselectint.com\\\/wp-content\\\/uploads\\\/2021\\\/07\\\/logo-pro-select.svg\",\"contentUrl\":\"https:\\\/\\\/www.proselectint.com\\\/wp-content\\\/uploads\\\/2021\\\/07\\\/logo-pro-select.svg\",\"width\":183,\"height\":84,\"caption\":\"Pro Select\"},\"image\":{\"@id\":\"https:\\\/\\\/www.proselectint.com\\\/de_de\\\/#\\\/schema\\\/logo\\\/image\\\/\"},\"sameAs\":[\"https:\\\/\\\/www.facebook.com\\\/proselectint\\\/\",\"https:\\\/\\\/www.instagram.com\\\/proselectinternational\\\/\"]}]}<\/script>\n<!-- \/ Yoast SEO plugin. -->","yoast_head_json":{"title":"Downloads - Pro Select","robots":{"index":"index","follow":"follow","max-snippet":"max-snippet:-1","max-image-preview":"max-image-preview:large","max-video-preview":"max-video-preview:-1"},"canonical":"https:\/\/www.proselectint.com\/en\/downloads\/","og_locale":"en_US","og_type":"article","og_title":"Downloads - Pro Select","og_description":"Downloads Handout \u00fcber PRO SELECT (1 MB | PDF) Allgemeine Gesch\u00e4ftsbedingungen (84 KB MB | PDF) Datenschutzerkl\u00e4rung (1 MB | PDF) Referenz IHK Heilbronn (1,4 MB | PDF) Referenz Universit\u00e4tsklinikum W\u00fcrzburg (136\u00a0KB | PDF)","og_url":"https:\/\/www.proselectint.com\/en\/downloads\/","og_site_name":"Pro Select","article_publisher":"https:\/\/www.facebook.com\/proselectint\/","article_modified_time":"2025-04-17T09:47:23+00:00","twitter_card":"summary_large_image","twitter_misc":{"Est. reading time":"1 minute"},"schema":{"@context":"https:\/\/schema.org","@graph":[{"@type":"WebPage","@id":"https:\/\/www.proselectint.com\/downloads\/","url":"https:\/\/www.proselectint.com\/downloads\/","name":"Downloads - Pro Select","isPartOf":{"@id":"https:\/\/www.proselectint.com\/de_de\/#website"},"datePublished":"2021-08-02T10:54:12+00:00","dateModified":"2025-04-17T09:47:23+00:00","breadcrumb":{"@id":"https:\/\/www.proselectint.com\/downloads\/#breadcrumb"},"inLanguage":"en-US","potentialAction":[{"@type":"ReadAction","target":["https:\/\/www.proselectint.com\/downloads\/"]}]},{"@type":"BreadcrumbList","@id":"https:\/\/www.proselectint.com\/downloads\/#breadcrumb","itemListElement":[{"@type":"ListItem","position":1,"name":"Startseite","item":"https:\/\/www.proselectint.com\/"},{"@type":"ListItem","position":2,"name":"Downloads"}]},{"@type":"WebSite","@id":"https:\/\/www.proselectint.com\/de_de\/#website","url":"https:\/\/www.proselectint.com\/de_de\/","name":"Pro Select","description":"Internationale Personal- und Unternehmensberatung","publisher":{"@id":"https:\/\/www.proselectint.com\/de_de\/#organization"},"potentialAction":[{"@type":"SearchAction","target":{"@type":"EntryPoint","urlTemplate":"https:\/\/www.proselectint.com\/de_de\/?s={search_term_string}"},"query-input":{"@type":"PropertyValueSpecification","valueRequired":true,"valueName":"search_term_string"}}],"inLanguage":"en-US"},{"@type":"Organization","@id":"https:\/\/www.proselectint.com\/de_de\/#organization","name":"Pro Select","url":"https:\/\/www.proselectint.com\/de_de\/","logo":{"@type":"ImageObject","inLanguage":"en-US","@id":"https:\/\/www.proselectint.com\/de_de\/#\/schema\/logo\/image\/","url":"https:\/\/www.proselectint.com\/wp-content\/uploads\/2021\/07\/logo-pro-select.svg","contentUrl":"https:\/\/www.proselectint.com\/wp-content\/uploads\/2021\/07\/logo-pro-select.svg","width":183,"height":84,"caption":"Pro Select"},"image":{"@id":"https:\/\/www.proselectint.com\/de_de\/#\/schema\/logo\/image\/"},"sameAs":["https:\/\/www.facebook.com\/proselectint\/","https:\/\/www.instagram.com\/proselectinternational\/"]}]}},"_links":{"self":[{"href":"https:\/\/www.proselectint.com\/en\/wp-json\/wp\/v2\/pages\/4356","targetHints":{"allow":["GET"]}}],"collection":[{"href":"https:\/\/www.proselectint.com\/en\/wp-json\/wp\/v2\/pages"}],"about":[{"href":"https:\/\/www.proselectint.com\/en\/wp-json\/wp\/v2\/types\/page"}],"author":[{"embeddable":true,"href":"https:\/\/www.proselectint.com\/en\/wp-json\/wp\/v2\/users\/3"}],"replies":[{"embeddable":true,"href":"https:\/\/www.proselectint.com\/en\/wp-json\/wp\/v2\/comments?post=4356"}],"version-history":[{"count":99,"href":"https:\/\/www.proselectint.com\/en\/wp-json\/wp\/v2\/pages\/4356\/revisions"}],"predecessor-version":[{"id":7353,"href":"https:\/\/www.proselectint.com\/en\/wp-json\/wp\/v2\/pages\/4356\/revisions\/7353"}],"wp:attachment":[{"href":"https:\/\/www.proselectint.com\/en\/wp-json\/wp\/v2\/media?parent=4356"}],"curies":[{"name":"wp","href":"https:\/\/api.w.org\/{rel}","templated":true}]}}